{"id":25881,"date":"2026-01-04T02:31:09","date_gmt":"2026-01-04T01:31:09","guid":{"rendered":"https:\/\/linoexpress.com\/ro\/produs\/autovariacija-product\/"},"modified":"2026-01-04T10:18:21","modified_gmt":"2026-01-04T09:18:21","slug":"kart-pentru-copii-masina-2-in-1","status":"publish","type":"product","link":"https:\/\/linoexpress.com\/ro\/produs\/kart-pentru-copii-masina-2-in-1\/","title":{"rendered":"Kart pentru copii &#8211; Ma\u0219in\u0103 2 \u00een 1"},"content":{"rendered":"","protected":false},"excerpt":{"rendered":"<p>Acest vehicul multifunc\u021bional pentru copii ofer\u0103 distrac\u021bie dubl\u0103 &#8211; conducere manual\u0103 \u0219i electric\u0103! Perfect pentru joac\u0103 at\u00e2t \u00een cas\u0103, c\u00e2t \u0219i afar\u0103, este u\u0219or, pliabil \u0219i u\u0219or de manevrat. Construc\u021bia stabil\u0103 \u0219i func\u021biile de siguran\u021b\u0103 ofer\u0103 copiilor o plimbare lipsit\u0103 de griji \u0219i palpitant\u0103.<\/p>\n","protected":false},"featured_media":25882,"comment_status":"closed","ping_status":"closed","template":"","meta":{"inline_featured_image":false},"product_brand":[],"product_cat":[27,15,35],"product_tag":[],"class_list":{"0":"post-25881","1":"product","2":"type-product","3":"status-publish","4":"has-post-thumbnail","6":"product_cat-home","7":"product_cat-uncategorized","8":"product_cat-fun","10":"first","11":"instock","12":"sale","13":"taxable","14":"shipping-taxable","15":"purchasable","16":"product-type-variable"},"acf":[],"_links":{"self":[{"href":"https:\/\/linoexpress.com\/ro\/wp-json\/wp\/v2\/product\/25881","targetHints":{"allow":["GET"]}}],"collection":[{"href":"https:\/\/linoexpress.com\/ro\/wp-json\/wp\/v2\/product"}],"about":[{"href":"https:\/\/linoexpress.com\/ro\/wp-json\/wp\/v2\/types\/product"}],"replies":[{"embeddable":true,"href":"https:\/\/linoexpress.com\/ro\/wp-json\/wp\/v2\/comments?post=25881"}],"wp:featuredmedia":[{"embeddable":true,"href":"https:\/\/linoexpress.com\/ro\/wp-json\/wp\/v2\/media\/25882"}],"wp:attachment":[{"href":"https:\/\/linoexpress.com\/ro\/wp-json\/wp\/v2\/media?parent=25881"}],"wp:term":[{"taxonomy":"product_brand","embeddable":true,"href":"https:\/\/linoexpress.com\/ro\/wp-json\/wp\/v2\/product_brand?post=25881"},{"taxonomy":"product_cat","embeddable":true,"href":"https:\/\/linoexpress.com\/ro\/wp-json\/wp\/v2\/product_cat?post=25881"},{"taxonomy":"product_tag","embeddable":true,"href":"https:\/\/linoexpress.com\/ro\/wp-json\/wp\/v2\/product_tag?post=25881"}],"curies":[{"name":"wp","href":"https:\/\/api.w.org\/{rel}","templated":true}]}}