{"id":25933,"date":"2026-01-04T20:37:15","date_gmt":"2026-01-04T19:37:15","guid":{"rendered":"https:\/\/linoexpress.com\/ro\/produs\/catch-product\/"},"modified":"2026-02-19T16:05:31","modified_gmt":"2026-02-19T15:05:31","slug":"capcana-umana-multipla-pentru-rozatoare","status":"publish","type":"product","link":"https:\/\/linoexpress.com\/ro\/produs\/capcana-umana-multipla-pentru-rozatoare\/","title":{"rendered":"Capcan\u0103 uman\u0103 multipl\u0103 pentru roz\u0103toare"},"content":{"rendered":"","protected":false},"excerpt":{"rendered":"<p>Capcana uman\u0103 multipl\u0103 pentru roz\u0103toare permite capturarea \u00een siguran\u021b\u0103 a \u0219oarecilor \u0219i altor roz\u0103toare mici f\u0103r\u0103 a le r\u0103ni sau ucide. Este fabricat\u0103 din o\u021bel galvanizat de calitate, potrivit\u0103 pentru utilizare interioar\u0103 \u0219i exterioar\u0103. Este solu\u021bia ideal\u0103 pentru to\u021bi cei care doresc un control eficient, etic \u0219i de durat\u0103 al roz\u0103toarelor.<\/p>\n","protected":false},"featured_media":25935,"comment_status":"closed","ping_status":"closed","template":"","meta":{"inline_featured_image":false},"product_brand":[],"product_cat":[27,24,15,35],"product_tag":[],"class_list":{"0":"post-25933","1":"product","2":"type-product","3":"status-publish","4":"has-post-thumbnail","6":"product_cat-home","7":"product_cat-sale","8":"product_cat-uncategorized","9":"product_cat-fun","11":"first","12":"instock","13":"sale","14":"taxable","15":"shipping-taxable","16":"purchasable","17":"product-type-simple"},"acf":[],"_links":{"self":[{"href":"https:\/\/linoexpress.com\/ro\/wp-json\/wp\/v2\/product\/25933","targetHints":{"allow":["GET"]}}],"collection":[{"href":"https:\/\/linoexpress.com\/ro\/wp-json\/wp\/v2\/product"}],"about":[{"href":"https:\/\/linoexpress.com\/ro\/wp-json\/wp\/v2\/types\/product"}],"replies":[{"embeddable":true,"href":"https:\/\/linoexpress.com\/ro\/wp-json\/wp\/v2\/comments?post=25933"}],"wp:featuredmedia":[{"embeddable":true,"href":"https:\/\/linoexpress.com\/ro\/wp-json\/wp\/v2\/media\/25935"}],"wp:attachment":[{"href":"https:\/\/linoexpress.com\/ro\/wp-json\/wp\/v2\/media?parent=25933"}],"wp:term":[{"taxonomy":"product_brand","embeddable":true,"href":"https:\/\/linoexpress.com\/ro\/wp-json\/wp\/v2\/product_brand?post=25933"},{"taxonomy":"product_cat","embeddable":true,"href":"https:\/\/linoexpress.com\/ro\/wp-json\/wp\/v2\/product_cat?post=25933"},{"taxonomy":"product_tag","embeddable":true,"href":"https:\/\/linoexpress.com\/ro\/wp-json\/wp\/v2\/product_tag?post=25933"}],"curies":[{"name":"wp","href":"https:\/\/api.w.org\/{rel}","templated":true}]}}