{"id":25956,"date":"2026-01-04T23:24:45","date_gmt":"2026-01-04T22:24:45","guid":{"rendered":"https:\/\/linoexpress.com\/ro\/produs\/cat135-product\/"},"modified":"2026-03-11T00:48:50","modified_gmt":"2026-03-10T23:48:50","slug":"puzzle-artistica-cu-pisici-set-de-135-de-piese-din-lemn","status":"publish","type":"product","link":"https:\/\/linoexpress.com\/ro\/produs\/puzzle-artistica-cu-pisici-set-de-135-de-piese-din-lemn\/","title":{"rendered":"Puzzle artistic\u0103 cu pisici \u2013 set de 135 de piese din lemn"},"content":{"rendered":"","protected":false},"excerpt":{"rendered":"<p>Puzzle artistic\u0103 cu pisici din 135 de piese din lemn aduce tonuri pastelate delicate \u0219i o form\u0103 unic\u0103 de pisic\u0103, oferind o experien\u021b\u0103 special\u0103 de asamblare. Fiecare pies\u0103 are o form\u0103 diferit\u0103, ceea ce face ca asamblarea s\u0103 fie interesant\u0103, provocatoare \u0219i relaxant\u0103 \u00een acela\u0219i timp. Dup\u0103 asamblare, puzzle-ul se transform\u0103 \u00eentr-un detaliu decorativ care aduce c\u0103ldur\u0103 \u00een spa\u021biu.<\/p>\n","protected":false},"featured_media":25957,"comment_status":"closed","ping_status":"closed","template":"","meta":{"inline_featured_image":false},"product_brand":[],"product_cat":[27,24,15,35],"product_tag":[],"class_list":{"0":"post-25956","1":"product","2":"type-product","3":"status-publish","4":"has-post-thumbnail","6":"product_cat-home","7":"product_cat-sale","8":"product_cat-uncategorized","9":"product_cat-fun","11":"first","12":"instock","13":"sale","14":"taxable","15":"shipping-taxable","16":"purchasable","17":"product-type-simple"},"acf":[],"_links":{"self":[{"href":"https:\/\/linoexpress.com\/ro\/wp-json\/wp\/v2\/product\/25956","targetHints":{"allow":["GET"]}}],"collection":[{"href":"https:\/\/linoexpress.com\/ro\/wp-json\/wp\/v2\/product"}],"about":[{"href":"https:\/\/linoexpress.com\/ro\/wp-json\/wp\/v2\/types\/product"}],"replies":[{"embeddable":true,"href":"https:\/\/linoexpress.com\/ro\/wp-json\/wp\/v2\/comments?post=25956"}],"wp:featuredmedia":[{"embeddable":true,"href":"https:\/\/linoexpress.com\/ro\/wp-json\/wp\/v2\/media\/25957"}],"wp:attachment":[{"href":"https:\/\/linoexpress.com\/ro\/wp-json\/wp\/v2\/media?parent=25956"}],"wp:term":[{"taxonomy":"product_brand","embeddable":true,"href":"https:\/\/linoexpress.com\/ro\/wp-json\/wp\/v2\/product_brand?post=25956"},{"taxonomy":"product_cat","embeddable":true,"href":"https:\/\/linoexpress.com\/ro\/wp-json\/wp\/v2\/product_cat?post=25956"},{"taxonomy":"product_tag","embeddable":true,"href":"https:\/\/linoexpress.com\/ro\/wp-json\/wp\/v2\/product_tag?post=25956"}],"curies":[{"name":"wp","href":"https:\/\/api.w.org\/{rel}","templated":true}]}}