{"id":25969,"date":"2026-01-05T01:44:18","date_gmt":"2026-01-05T00:44:18","guid":{"rendered":"https:\/\/linoexpress.com\/ro\/produs\/bfly-product\/"},"modified":"2026-03-11T00:48:41","modified_gmt":"2026-03-10T23:48:41","slug":"set-colier-si-bratara-fluturi-magici","status":"publish","type":"product","link":"https:\/\/linoexpress.com\/ro\/produs\/set-colier-si-bratara-fluturi-magici\/","title":{"rendered":"Set colier \u0219i br\u0103\u021bar\u0103 Fluturi Magici"},"content":{"rendered":"","protected":false},"excerpt":{"rendered":"<p>Acest set fermec\u0103tor con\u021bine un colier \u0219i o br\u0103\u021bar\u0103 cu fluturi alba\u0219tri care str\u0103lucesc delicat \u00een \u00eentuneric. Este perfect pentru ocazii speciale sau pentru purtarea zilnic\u0103, ad\u0103ug\u00e2nd o not\u0103 de magie \u0219i elegan\u021b\u0103 aspectului dumneavoastr\u0103. U\u0219or \u0219i confortabil, poart\u0103 o vraj\u0103 t\u0103cut\u0103 care nu trece niciodat\u0103 neobservat\u0103.<\/p>\n","protected":false},"featured_media":25970,"comment_status":"closed","ping_status":"closed","template":"","meta":{"inline_featured_image":false},"product_brand":[],"product_cat":[27,28,15,35],"product_tag":[],"class_list":{"0":"post-25969","1":"product","2":"type-product","3":"status-publish","4":"has-post-thumbnail","6":"product_cat-home","7":"product_cat-beauty","8":"product_cat-uncategorized","9":"product_cat-fun","11":"first","12":"instock","13":"sale","14":"taxable","15":"shipping-taxable","16":"purchasable","17":"product-type-simple"},"acf":[],"_links":{"self":[{"href":"https:\/\/linoexpress.com\/ro\/wp-json\/wp\/v2\/product\/25969","targetHints":{"allow":["GET"]}}],"collection":[{"href":"https:\/\/linoexpress.com\/ro\/wp-json\/wp\/v2\/product"}],"about":[{"href":"https:\/\/linoexpress.com\/ro\/wp-json\/wp\/v2\/types\/product"}],"replies":[{"embeddable":true,"href":"https:\/\/linoexpress.com\/ro\/wp-json\/wp\/v2\/comments?post=25969"}],"wp:featuredmedia":[{"embeddable":true,"href":"https:\/\/linoexpress.com\/ro\/wp-json\/wp\/v2\/media\/25970"}],"wp:attachment":[{"href":"https:\/\/linoexpress.com\/ro\/wp-json\/wp\/v2\/media?parent=25969"}],"wp:term":[{"taxonomy":"product_brand","embeddable":true,"href":"https:\/\/linoexpress.com\/ro\/wp-json\/wp\/v2\/product_brand?post=25969"},{"taxonomy":"product_cat","embeddable":true,"href":"https:\/\/linoexpress.com\/ro\/wp-json\/wp\/v2\/product_cat?post=25969"},{"taxonomy":"product_tag","embeddable":true,"href":"https:\/\/linoexpress.com\/ro\/wp-json\/wp\/v2\/product_tag?post=25969"}],"curies":[{"name":"wp","href":"https:\/\/api.w.org\/{rel}","templated":true}]}}