{"id":26223,"date":"2026-01-19T11:47:10","date_gmt":"2026-01-19T10:47:10","guid":{"rendered":"https:\/\/linoexpress.com\/ro\/produs\/batpmp-product\/"},"modified":"2026-02-19T16:05:24","modified_gmt":"2026-02-19T15:05:24","slug":"furtun-portabil-cu-pompa","status":"publish","type":"product","link":"https:\/\/linoexpress.com\/ro\/produs\/furtun-portabil-cu-pompa\/","title":{"rendered":"Furtun portabil cu pomp\u0103"},"content":{"rendered":"","protected":false},"excerpt":{"rendered":"<p>Pompa portabil\u0103 cu baterii permite transferul rapid, curat \u0219i sigur al lichidelor f\u0103r\u0103 ridicare grea. Func\u021bioneaz\u0103 pe baterii \u0219i este u\u0219or de utilizat cu o singur\u0103 m\u00e2n\u0103, ceea ce o face ideal\u0103 pentru combustibil, ap\u0103 \u0219i alte lichide. Este perfect\u0103 pentru uz casnic, profesional \u0219i de urgen\u021b\u0103.<\/p>\n","protected":false},"featured_media":26224,"comment_status":"closed","ping_status":"closed","template":"","meta":{"inline_featured_image":false},"product_brand":[],"product_cat":[25,27,15,35],"product_tag":[],"class_list":{"0":"post-26223","1":"product","2":"type-product","3":"status-publish","4":"has-post-thumbnail","6":"product_cat-car","7":"product_cat-home","8":"product_cat-uncategorized","9":"product_cat-fun","11":"first","12":"instock","13":"sale","14":"taxable","15":"shipping-taxable","16":"purchasable","17":"product-type-simple"},"acf":[],"_links":{"self":[{"href":"https:\/\/linoexpress.com\/ro\/wp-json\/wp\/v2\/product\/26223","targetHints":{"allow":["GET"]}}],"collection":[{"href":"https:\/\/linoexpress.com\/ro\/wp-json\/wp\/v2\/product"}],"about":[{"href":"https:\/\/linoexpress.com\/ro\/wp-json\/wp\/v2\/types\/product"}],"replies":[{"embeddable":true,"href":"https:\/\/linoexpress.com\/ro\/wp-json\/wp\/v2\/comments?post=26223"}],"wp:featuredmedia":[{"embeddable":true,"href":"https:\/\/linoexpress.com\/ro\/wp-json\/wp\/v2\/media\/26224"}],"wp:attachment":[{"href":"https:\/\/linoexpress.com\/ro\/wp-json\/wp\/v2\/media?parent=26223"}],"wp:term":[{"taxonomy":"product_brand","embeddable":true,"href":"https:\/\/linoexpress.com\/ro\/wp-json\/wp\/v2\/product_brand?post=26223"},{"taxonomy":"product_cat","embeddable":true,"href":"https:\/\/linoexpress.com\/ro\/wp-json\/wp\/v2\/product_cat?post=26223"},{"taxonomy":"product_tag","embeddable":true,"href":"https:\/\/linoexpress.com\/ro\/wp-json\/wp\/v2\/product_tag?post=26223"}],"curies":[{"name":"wp","href":"https:\/\/api.w.org\/{rel}","templated":true}]}}