{"id":26235,"date":"2026-01-19T12:35:12","date_gmt":"2026-01-19T11:35:12","guid":{"rendered":"https:\/\/linoexpress.com\/ro\/produs\/hood-product\/"},"modified":"2026-02-19T16:05:20","modified_gmt":"2026-02-19T15:05:20","slug":"ventilator-puternic-multifunctional","status":"publish","type":"product","link":"https:\/\/linoexpress.com\/ro\/produs\/ventilator-puternic-multifunctional\/","title":{"rendered":"Ventilator puternic multifunc\u021bional"},"content":{"rendered":"","protected":false},"excerpt":{"rendered":"<p>Acest ventilator de evacuare multifunc\u021bional asigur\u0103 un flux puternic de aer cu un zgomot extrem de redus. Elimin\u0103 eficient umiditatea, mirosurile \u0219i fumul, \u00eembun\u0103t\u0103\u021bind calitatea aerului \u00een orice spa\u021biu. Este ideal pentru buc\u0103t\u0103rii, b\u0103i, birouri \u0219i spa\u021bii comerciale.<\/p>\n","protected":false},"featured_media":26236,"comment_status":"closed","ping_status":"closed","template":"","meta":{"inline_featured_image":false},"product_brand":[],"product_cat":[27,24,15,35],"product_tag":[],"class_list":{"0":"post-26235","1":"product","2":"type-product","3":"status-publish","4":"has-post-thumbnail","6":"product_cat-home","7":"product_cat-sale","8":"product_cat-uncategorized","9":"product_cat-fun","11":"first","12":"instock","13":"sale","14":"taxable","15":"shipping-taxable","16":"purchasable","17":"product-type-simple"},"acf":[],"_links":{"self":[{"href":"https:\/\/linoexpress.com\/ro\/wp-json\/wp\/v2\/product\/26235","targetHints":{"allow":["GET"]}}],"collection":[{"href":"https:\/\/linoexpress.com\/ro\/wp-json\/wp\/v2\/product"}],"about":[{"href":"https:\/\/linoexpress.com\/ro\/wp-json\/wp\/v2\/types\/product"}],"replies":[{"embeddable":true,"href":"https:\/\/linoexpress.com\/ro\/wp-json\/wp\/v2\/comments?post=26235"}],"wp:featuredmedia":[{"embeddable":true,"href":"https:\/\/linoexpress.com\/ro\/wp-json\/wp\/v2\/media\/26236"}],"wp:attachment":[{"href":"https:\/\/linoexpress.com\/ro\/wp-json\/wp\/v2\/media?parent=26235"}],"wp:term":[{"taxonomy":"product_brand","embeddable":true,"href":"https:\/\/linoexpress.com\/ro\/wp-json\/wp\/v2\/product_brand?post=26235"},{"taxonomy":"product_cat","embeddable":true,"href":"https:\/\/linoexpress.com\/ro\/wp-json\/wp\/v2\/product_cat?post=26235"},{"taxonomy":"product_tag","embeddable":true,"href":"https:\/\/linoexpress.com\/ro\/wp-json\/wp\/v2\/product_tag?post=26235"}],"curies":[{"name":"wp","href":"https:\/\/api.w.org\/{rel}","templated":true}]}}