{"id":26256,"date":"2026-01-19T23:41:15","date_gmt":"2026-01-19T22:41:15","guid":{"rendered":"https:\/\/linoexpress.com\/ro\/produs\/pants-product\/"},"modified":"2026-01-25T09:19:40","modified_gmt":"2026-01-25T08:19:40","slug":"joc-de-curte-nebun-granny-pants","status":"publish","type":"product","link":"https:\/\/linoexpress.com\/ro\/produs\/joc-de-curte-nebun-granny-pants\/","title":{"rendered":"Joc de curte nebun &#8211; Granny Pants"},"content":{"rendered":"","protected":false},"excerpt":{"rendered":"<p>P\u0103\u0219i\u021bi \u00eentr-o distrac\u021bie de neuitat cu Granny Pants, jocul nebunesc de curte care garanteaz\u0103 r\u00e2s, mi\u0219care \u0219i socializare pentru \u00eentreaga familie \u0219i prieteni. Este perfect pentru cur\u021bi, gr\u0103tare, anivers\u0103ri, activit\u0103\u021bi \u0219colare \u0219i evenimente de team building. U\u0219or de instalat, de m\u0103rime universal\u0103 \u0219i adaptat pentru toate v\u00e2rstele, devine rapid atrac\u021bia principal\u0103 a fiec\u0103rei adun\u0103ri.<\/p>\n","protected":false},"featured_media":26257,"comment_status":"closed","ping_status":"closed","template":"","meta":{"inline_featured_image":false},"product_brand":[],"product_cat":[27,24,15,35],"product_tag":[],"class_list":{"0":"post-26256","1":"product","2":"type-product","3":"status-publish","4":"has-post-thumbnail","6":"product_cat-home","7":"product_cat-sale","8":"product_cat-uncategorized","9":"product_cat-fun","11":"first","12":"instock","13":"sale","14":"taxable","15":"shipping-taxable","16":"purchasable","17":"product-type-simple"},"acf":[],"_links":{"self":[{"href":"https:\/\/linoexpress.com\/ro\/wp-json\/wp\/v2\/product\/26256","targetHints":{"allow":["GET"]}}],"collection":[{"href":"https:\/\/linoexpress.com\/ro\/wp-json\/wp\/v2\/product"}],"about":[{"href":"https:\/\/linoexpress.com\/ro\/wp-json\/wp\/v2\/types\/product"}],"replies":[{"embeddable":true,"href":"https:\/\/linoexpress.com\/ro\/wp-json\/wp\/v2\/comments?post=26256"}],"wp:featuredmedia":[{"embeddable":true,"href":"https:\/\/linoexpress.com\/ro\/wp-json\/wp\/v2\/media\/26257"}],"wp:attachment":[{"href":"https:\/\/linoexpress.com\/ro\/wp-json\/wp\/v2\/media?parent=26256"}],"wp:term":[{"taxonomy":"product_brand","embeddable":true,"href":"https:\/\/linoexpress.com\/ro\/wp-json\/wp\/v2\/product_brand?post=26256"},{"taxonomy":"product_cat","embeddable":true,"href":"https:\/\/linoexpress.com\/ro\/wp-json\/wp\/v2\/product_cat?post=26256"},{"taxonomy":"product_tag","embeddable":true,"href":"https:\/\/linoexpress.com\/ro\/wp-json\/wp\/v2\/product_tag?post=26256"}],"curies":[{"name":"wp","href":"https:\/\/api.w.org\/{rel}","templated":true}]}}