{"id":26272,"date":"2026-01-20T00:19:05","date_gmt":"2026-01-19T23:19:05","guid":{"rendered":"https:\/\/linoexpress.com\/ro\/produs\/bref-product\/"},"modified":"2026-01-20T00:49:33","modified_gmt":"2026-01-19T23:49:33","slug":"minge-de-reflex-pentru-antrenarea-vitezei-si-coordonarii","status":"publish","type":"product","link":"https:\/\/linoexpress.com\/ro\/produs\/minge-de-reflex-pentru-antrenarea-vitezei-si-coordonarii\/","title":{"rendered":"Minge de reflex pentru antrenarea vitezei \u0219i coordon\u0103rii"},"content":{"rendered":"","protected":false},"excerpt":{"rendered":"<p>Mingea de reflex pentru box este un echipament de antrenament practic pentru \u00eembun\u0103t\u0103\u021birea vitezei, concentr\u0103rii \u0219i coordon\u0103rii m\u00e2n\u0103 &#8211; ochi. Este ideal\u0103 pentru boxeri, sportivi \u0219i amatori de toate v\u00e2rstele, precum \u0219i pentru exerci\u021bii acas\u0103. U\u0219oar\u0103, reglabil\u0103 \u0219i u\u0219or de utilizat, permite un antrenament eficient oriunde te afli.<\/p>\n","protected":false},"featured_media":26273,"comment_status":"closed","ping_status":"closed","template":"","meta":{"inline_featured_image":false},"product_brand":[],"product_cat":[27,15,35],"product_tag":[],"class_list":{"0":"post-26272","1":"product","2":"type-product","3":"status-publish","4":"has-post-thumbnail","6":"product_cat-home","7":"product_cat-uncategorized","8":"product_cat-fun","10":"first","11":"instock","12":"sale","13":"taxable","14":"shipping-taxable","15":"purchasable","16":"product-type-simple"},"acf":[],"_links":{"self":[{"href":"https:\/\/linoexpress.com\/ro\/wp-json\/wp\/v2\/product\/26272","targetHints":{"allow":["GET"]}}],"collection":[{"href":"https:\/\/linoexpress.com\/ro\/wp-json\/wp\/v2\/product"}],"about":[{"href":"https:\/\/linoexpress.com\/ro\/wp-json\/wp\/v2\/types\/product"}],"replies":[{"embeddable":true,"href":"https:\/\/linoexpress.com\/ro\/wp-json\/wp\/v2\/comments?post=26272"}],"wp:featuredmedia":[{"embeddable":true,"href":"https:\/\/linoexpress.com\/ro\/wp-json\/wp\/v2\/media\/26273"}],"wp:attachment":[{"href":"https:\/\/linoexpress.com\/ro\/wp-json\/wp\/v2\/media?parent=26272"}],"wp:term":[{"taxonomy":"product_brand","embeddable":true,"href":"https:\/\/linoexpress.com\/ro\/wp-json\/wp\/v2\/product_brand?post=26272"},{"taxonomy":"product_cat","embeddable":true,"href":"https:\/\/linoexpress.com\/ro\/wp-json\/wp\/v2\/product_cat?post=26272"},{"taxonomy":"product_tag","embeddable":true,"href":"https:\/\/linoexpress.com\/ro\/wp-json\/wp\/v2\/product_tag?post=26272"}],"curies":[{"name":"wp","href":"https:\/\/api.w.org\/{rel}","templated":true}]}}