{"id":26313,"date":"2026-01-21T22:45:44","date_gmt":"2026-01-21T21:45:44","guid":{"rendered":"https:\/\/linoexpress.com\/ro\/produs\/catty-product\/"},"modified":"2026-03-11T00:46:03","modified_gmt":"2026-03-10T23:46:03","slug":"pisica-robot-blanda-animal-de-companie-interactiv","status":"publish","type":"product","link":"https:\/\/linoexpress.com\/ro\/produs\/pisica-robot-blanda-animal-de-companie-interactiv\/","title":{"rendered":"Pisica robot bl\u00e2nd\u0103 &#8211; Animal de companie interactiv"},"content":{"rendered":"","protected":false},"excerpt":{"rendered":"<p>Aceast\u0103 pisic\u0103 robot realist\u0103 merge, miaun\u0103 \u0219i toarce ca una adev\u0103rat\u0103, oferindu-le copiilor senza\u021bia unui animal de companie autentic. Este fabricat\u0103 dintr-un material moale \u0219i pl\u0103cut, sigur pentru joac\u0103 \u0219i m\u00e2ng\u00e2iere. Este ideal\u0103 pentru dezvoltarea imagina\u021biei, socializare \u0219i distrac\u021bie de lung\u0103 durat\u0103 f\u0103r\u0103 obliga\u021biile de \u00eengrijire ale unui animal adev\u0103rat.<\/p>\n","protected":false},"featured_media":26314,"comment_status":"closed","ping_status":"closed","template":"","meta":{"inline_featured_image":false},"product_brand":[],"product_cat":[27,24,15,35],"product_tag":[],"class_list":{"0":"post-26313","1":"product","2":"type-product","3":"status-publish","4":"has-post-thumbnail","6":"product_cat-home","7":"product_cat-sale","8":"product_cat-uncategorized","9":"product_cat-fun","11":"first","12":"instock","13":"sale","14":"taxable","15":"shipping-taxable","16":"purchasable","17":"product-type-simple"},"acf":[],"_links":{"self":[{"href":"https:\/\/linoexpress.com\/ro\/wp-json\/wp\/v2\/product\/26313","targetHints":{"allow":["GET"]}}],"collection":[{"href":"https:\/\/linoexpress.com\/ro\/wp-json\/wp\/v2\/product"}],"about":[{"href":"https:\/\/linoexpress.com\/ro\/wp-json\/wp\/v2\/types\/product"}],"replies":[{"embeddable":true,"href":"https:\/\/linoexpress.com\/ro\/wp-json\/wp\/v2\/comments?post=26313"}],"wp:featuredmedia":[{"embeddable":true,"href":"https:\/\/linoexpress.com\/ro\/wp-json\/wp\/v2\/media\/26314"}],"wp:attachment":[{"href":"https:\/\/linoexpress.com\/ro\/wp-json\/wp\/v2\/media?parent=26313"}],"wp:term":[{"taxonomy":"product_brand","embeddable":true,"href":"https:\/\/linoexpress.com\/ro\/wp-json\/wp\/v2\/product_brand?post=26313"},{"taxonomy":"product_cat","embeddable":true,"href":"https:\/\/linoexpress.com\/ro\/wp-json\/wp\/v2\/product_cat?post=26313"},{"taxonomy":"product_tag","embeddable":true,"href":"https:\/\/linoexpress.com\/ro\/wp-json\/wp\/v2\/product_tag?post=26313"}],"curies":[{"name":"wp","href":"https:\/\/api.w.org\/{rel}","templated":true}]}}