{"id":27184,"date":"2026-02-05T19:50:05","date_gmt":"2026-02-05T18:50:05","guid":{"rendered":"https:\/\/linoexpress.com\/ro\/produs\/matgnd-product\/"},"modified":"2026-03-11T00:45:20","modified_gmt":"2026-03-10T23:45:20","slug":"covoras-de-impamantare","status":"publish","type":"product","link":"https:\/\/linoexpress.com\/ro\/produs\/covoras-de-impamantare\/","title":{"rendered":"Covora\u0219 de \u00eemp\u0103m\u00e2ntare"},"content":{"rendered":"","protected":false},"excerpt":{"rendered":"<p>Covora\u0219ul de \u00eemp\u0103m\u00e2ntare permite conectarea natural\u0103 a corpului cu p\u0103m\u00e2ntul \u0219i restabilirea echilibrului electric al organismului. Utilizarea regulat\u0103 poate contribui la un somn mai bun, reducerea stresului \u0219i ameliorarea durerilor musculare \u0219i articulare. Este simplu de utilizat \u0219i potrivit pentru acas\u0103, birou sau vacan\u021b\u0103.<\/p>\n","protected":false},"featured_media":27185,"comment_status":"closed","ping_status":"closed","template":"","meta":{"inline_featured_image":false},"product_brand":[],"product_cat":[27,28,24,35,26],"product_tag":[],"class_list":{"0":"post-27184","1":"product","2":"type-product","3":"status-publish","4":"has-post-thumbnail","6":"product_cat-home","7":"product_cat-beauty","8":"product_cat-sale","9":"product_cat-fun","10":"product_cat-health","12":"first","13":"instock","14":"sale","15":"taxable","16":"shipping-taxable","17":"purchasable","18":"product-type-simple"},"acf":[],"_links":{"self":[{"href":"https:\/\/linoexpress.com\/ro\/wp-json\/wp\/v2\/product\/27184","targetHints":{"allow":["GET"]}}],"collection":[{"href":"https:\/\/linoexpress.com\/ro\/wp-json\/wp\/v2\/product"}],"about":[{"href":"https:\/\/linoexpress.com\/ro\/wp-json\/wp\/v2\/types\/product"}],"replies":[{"embeddable":true,"href":"https:\/\/linoexpress.com\/ro\/wp-json\/wp\/v2\/comments?post=27184"}],"wp:featuredmedia":[{"embeddable":true,"href":"https:\/\/linoexpress.com\/ro\/wp-json\/wp\/v2\/media\/27185"}],"wp:attachment":[{"href":"https:\/\/linoexpress.com\/ro\/wp-json\/wp\/v2\/media?parent=27184"}],"wp:term":[{"taxonomy":"product_brand","embeddable":true,"href":"https:\/\/linoexpress.com\/ro\/wp-json\/wp\/v2\/product_brand?post=27184"},{"taxonomy":"product_cat","embeddable":true,"href":"https:\/\/linoexpress.com\/ro\/wp-json\/wp\/v2\/product_cat?post=27184"},{"taxonomy":"product_tag","embeddable":true,"href":"https:\/\/linoexpress.com\/ro\/wp-json\/wp\/v2\/product_tag?post=27184"}],"curies":[{"name":"wp","href":"https:\/\/api.w.org\/{rel}","templated":true}]}}