{"id":27206,"date":"2026-02-05T20:41:37","date_gmt":"2026-02-05T19:41:37","guid":{"rendered":"https:\/\/linoexpress.com\/ro\/produs\/strap-product\/"},"modified":"2026-03-11T00:45:01","modified_gmt":"2026-03-10T23:45:01","slug":"curele-pentru-ridicarea-greutatilor-cu-carlige-pentru-incheietura","status":"publish","type":"product","link":"https:\/\/linoexpress.com\/ro\/produs\/curele-pentru-ridicarea-greutatilor-cu-carlige-pentru-incheietura\/","title":{"rendered":"Curele pentru ridicarea greut\u0103\u021bilor cu c\u00e2rlige pentru \u00eencheietur\u0103"},"content":{"rendered":"","protected":false},"excerpt":{"rendered":"<p>Curelele pentru ridicarea greut\u0103\u021bilor ofer\u0103 un suport puternic \u0219i stabil \u00een timpul exerci\u021biilor cu sarcini mai mari. Ele ajut\u0103 la executarea mai sigur\u0103 a mi\u0219c\u0103rilor \u0219i reduc \u00eenc\u0103rcarea m\u00e2inilor \u0219i \u00eencheieturilor. Sunt destinate tuturor celor care doresc un control mai bun, o prindere mai puternic\u0103 \u0219i un antrenament mai eficient.<\/p>\n","protected":false},"featured_media":27208,"comment_status":"closed","ping_status":"closed","template":"","meta":{"inline_featured_image":false},"product_brand":[],"product_cat":[15,35,26],"product_tag":[],"class_list":{"0":"post-27206","1":"product","2":"type-product","3":"status-publish","4":"has-post-thumbnail","6":"product_cat-uncategorized","7":"product_cat-fun","8":"product_cat-health","10":"first","11":"instock","12":"sale","13":"taxable","14":"shipping-taxable","15":"purchasable","16":"product-type-simple"},"acf":[],"_links":{"self":[{"href":"https:\/\/linoexpress.com\/ro\/wp-json\/wp\/v2\/product\/27206","targetHints":{"allow":["GET"]}}],"collection":[{"href":"https:\/\/linoexpress.com\/ro\/wp-json\/wp\/v2\/product"}],"about":[{"href":"https:\/\/linoexpress.com\/ro\/wp-json\/wp\/v2\/types\/product"}],"replies":[{"embeddable":true,"href":"https:\/\/linoexpress.com\/ro\/wp-json\/wp\/v2\/comments?post=27206"}],"wp:featuredmedia":[{"embeddable":true,"href":"https:\/\/linoexpress.com\/ro\/wp-json\/wp\/v2\/media\/27208"}],"wp:attachment":[{"href":"https:\/\/linoexpress.com\/ro\/wp-json\/wp\/v2\/media?parent=27206"}],"wp:term":[{"taxonomy":"product_brand","embeddable":true,"href":"https:\/\/linoexpress.com\/ro\/wp-json\/wp\/v2\/product_brand?post=27206"},{"taxonomy":"product_cat","embeddable":true,"href":"https:\/\/linoexpress.com\/ro\/wp-json\/wp\/v2\/product_cat?post=27206"},{"taxonomy":"product_tag","embeddable":true,"href":"https:\/\/linoexpress.com\/ro\/wp-json\/wp\/v2\/product_tag?post=27206"}],"curies":[{"name":"wp","href":"https:\/\/api.w.org\/{rel}","templated":true}]}}