{"id":27499,"date":"2026-02-13T08:23:43","date_gmt":"2026-02-13T07:23:43","guid":{"rendered":"https:\/\/linoexpress.com\/ro\/produs\/shaver-product\/"},"modified":"2026-03-11T00:44:52","modified_gmt":"2026-03-10T23:44:52","slug":"mini-aparat-de-ras-electric-pentru-barbierit-precis-si-rapid","status":"publish","type":"product","link":"https:\/\/linoexpress.com\/ro\/produs\/mini-aparat-de-ras-electric-pentru-barbierit-precis-si-rapid\/","title":{"rendered":"Mini aparat de ras electric pentru b\u0103rbierit precis \u0219i rapid"},"content":{"rendered":"","protected":false},"excerpt":{"rendered":"<p>Aparatul de ras electric mini permite un b\u0103rbierit rapid, curat \u0219i uniform f\u0103r\u0103 irita\u021bii ale pielii. Datorit\u0103 motorului puternic \u0219i lamelor precise, \u00eendep\u0103rteaz\u0103 p\u0103rul u\u0219or \u0219i f\u0103r\u0103 smucituri. Este ideal pentru men\u021binerea zilnic\u0103 a unui aspect \u00eengrijit acas\u0103 sau \u00een mi\u0219care.<\/p>\n","protected":false},"featured_media":27500,"comment_status":"closed","ping_status":"closed","template":"","meta":{"inline_featured_image":false},"product_brand":[],"product_cat":[28,24,15,35],"product_tag":[],"class_list":{"0":"post-27499","1":"product","2":"type-product","3":"status-publish","4":"has-post-thumbnail","6":"product_cat-beauty","7":"product_cat-sale","8":"product_cat-uncategorized","9":"product_cat-fun","11":"first","12":"instock","13":"sale","14":"taxable","15":"shipping-taxable","16":"purchasable","17":"product-type-simple"},"acf":[],"_links":{"self":[{"href":"https:\/\/linoexpress.com\/ro\/wp-json\/wp\/v2\/product\/27499","targetHints":{"allow":["GET"]}}],"collection":[{"href":"https:\/\/linoexpress.com\/ro\/wp-json\/wp\/v2\/product"}],"about":[{"href":"https:\/\/linoexpress.com\/ro\/wp-json\/wp\/v2\/types\/product"}],"replies":[{"embeddable":true,"href":"https:\/\/linoexpress.com\/ro\/wp-json\/wp\/v2\/comments?post=27499"}],"wp:featuredmedia":[{"embeddable":true,"href":"https:\/\/linoexpress.com\/ro\/wp-json\/wp\/v2\/media\/27500"}],"wp:attachment":[{"href":"https:\/\/linoexpress.com\/ro\/wp-json\/wp\/v2\/media?parent=27499"}],"wp:term":[{"taxonomy":"product_brand","embeddable":true,"href":"https:\/\/linoexpress.com\/ro\/wp-json\/wp\/v2\/product_brand?post=27499"},{"taxonomy":"product_cat","embeddable":true,"href":"https:\/\/linoexpress.com\/ro\/wp-json\/wp\/v2\/product_cat?post=27499"},{"taxonomy":"product_tag","embeddable":true,"href":"https:\/\/linoexpress.com\/ro\/wp-json\/wp\/v2\/product_tag?post=27499"}],"curies":[{"name":"wp","href":"https:\/\/api.w.org\/{rel}","templated":true}]}}