{"id":28418,"date":"2026-03-16T11:20:10","date_gmt":"2026-03-16T10:20:10","guid":{"rendered":"https:\/\/linoexpress.com\/ro\/produs\/catty-puppy-product\/"},"modified":"2026-03-16T11:43:38","modified_gmt":"2026-03-16T10:43:38","slug":"animal-de-companie-inteligent-interactiv-pentru-copii-caine-sau-pisica","status":"publish","type":"product","link":"https:\/\/linoexpress.com\/ro\/produs\/animal-de-companie-inteligent-interactiv-pentru-copii-caine-sau-pisica\/","title":{"rendered":"Animal de companie inteligent interactiv pentru copii &#8211; C\u00e2ine sau Pisic\u0103"},"content":{"rendered":"","protected":false},"excerpt":{"rendered":"<p>Animalul de plu\u0219 interactiv aduce copiilor un joc distractiv \u0219i interesant prin mi\u0219c\u0103ri \u0219i sunete. Materialul moale \u0219i designul simpatic \u00eel fac un prieten perfect pentru joaca \u0219i compania zilnic\u0103. Este disponibil \u00een varianta c\u00e2ine sau pisic\u0103, astfel \u00eenc\u00e2t fiecare copil poate alege animalul s\u0103u preferat.<\/p>\n","protected":false},"featured_media":28419,"comment_status":"closed","ping_status":"closed","template":"","meta":{"inline_featured_image":false},"product_brand":[],"product_cat":[27,24,15,35],"product_tag":[],"class_list":{"0":"post-28418","1":"product","2":"type-product","3":"status-publish","4":"has-post-thumbnail","6":"product_cat-home","7":"product_cat-sale","8":"product_cat-uncategorized","9":"product_cat-fun","11":"first","12":"instock","13":"sale","14":"taxable","15":"shipping-taxable","16":"purchasable","17":"product-type-variable"},"acf":[],"_links":{"self":[{"href":"https:\/\/linoexpress.com\/ro\/wp-json\/wp\/v2\/product\/28418","targetHints":{"allow":["GET"]}}],"collection":[{"href":"https:\/\/linoexpress.com\/ro\/wp-json\/wp\/v2\/product"}],"about":[{"href":"https:\/\/linoexpress.com\/ro\/wp-json\/wp\/v2\/types\/product"}],"replies":[{"embeddable":true,"href":"https:\/\/linoexpress.com\/ro\/wp-json\/wp\/v2\/comments?post=28418"}],"wp:featuredmedia":[{"embeddable":true,"href":"https:\/\/linoexpress.com\/ro\/wp-json\/wp\/v2\/media\/28419"}],"wp:attachment":[{"href":"https:\/\/linoexpress.com\/ro\/wp-json\/wp\/v2\/media?parent=28418"}],"wp:term":[{"taxonomy":"product_brand","embeddable":true,"href":"https:\/\/linoexpress.com\/ro\/wp-json\/wp\/v2\/product_brand?post=28418"},{"taxonomy":"product_cat","embeddable":true,"href":"https:\/\/linoexpress.com\/ro\/wp-json\/wp\/v2\/product_cat?post=28418"},{"taxonomy":"product_tag","embeddable":true,"href":"https:\/\/linoexpress.com\/ro\/wp-json\/wp\/v2\/product_tag?post=28418"}],"curies":[{"name":"wp","href":"https:\/\/api.w.org\/{rel}","templated":true}]}}