{"id":28587,"date":"2026-03-27T09:27:14","date_gmt":"2026-03-27T08:27:14","guid":{"rendered":"https:\/\/linoexpress.com\/ro\/produs\/reflexpro-product\/"},"modified":"2026-03-27T11:35:39","modified_gmt":"2026-03-27T10:35:39","slug":"sac-reflex-pentru-antrenamentul-vitezei-si-fortei","status":"publish","type":"product","link":"https:\/\/linoexpress.com\/ro\/produs\/sac-reflex-pentru-antrenamentul-vitezei-si-fortei\/","title":{"rendered":"Sac reflex pentru antrenamentul vitezei \u0219i for\u021bei"},"content":{"rendered":"","protected":false},"excerpt":{"rendered":"<p>\u00cembun\u0103t\u0103\u021bi\u021bi-v\u0103 reflexele, viteza \u0219i coordonarea cu un sac reflex inovator conceput pentru performan\u021be maxime. Datorit\u0103 baze stabile cu vid \u0219i designului inteligent, permite un antrenament intens f\u0103r\u0103 mi\u0219care \u0219i zgomot. Este ideal pentru utilizare acas\u0103, \u00een sal\u0103 \u0219i pentru toate nivelurile de utilizatori, de la \u00eencep\u0103tori la profesioni\u0219ti.<\/p>\n","protected":false},"featured_media":28588,"comment_status":"closed","ping_status":"closed","template":"","meta":{"inline_featured_image":false},"product_brand":[],"product_cat":[27,24,15,35],"product_tag":[],"class_list":{"0":"post-28587","1":"product","2":"type-product","3":"status-publish","4":"has-post-thumbnail","6":"product_cat-home","7":"product_cat-sale","8":"product_cat-uncategorized","9":"product_cat-fun","11":"first","12":"instock","13":"sale","14":"taxable","15":"shipping-taxable","16":"purchasable","17":"product-type-simple"},"acf":[],"_links":{"self":[{"href":"https:\/\/linoexpress.com\/ro\/wp-json\/wp\/v2\/product\/28587","targetHints":{"allow":["GET"]}}],"collection":[{"href":"https:\/\/linoexpress.com\/ro\/wp-json\/wp\/v2\/product"}],"about":[{"href":"https:\/\/linoexpress.com\/ro\/wp-json\/wp\/v2\/types\/product"}],"replies":[{"embeddable":true,"href":"https:\/\/linoexpress.com\/ro\/wp-json\/wp\/v2\/comments?post=28587"}],"wp:featuredmedia":[{"embeddable":true,"href":"https:\/\/linoexpress.com\/ro\/wp-json\/wp\/v2\/media\/28588"}],"wp:attachment":[{"href":"https:\/\/linoexpress.com\/ro\/wp-json\/wp\/v2\/media?parent=28587"}],"wp:term":[{"taxonomy":"product_brand","embeddable":true,"href":"https:\/\/linoexpress.com\/ro\/wp-json\/wp\/v2\/product_brand?post=28587"},{"taxonomy":"product_cat","embeddable":true,"href":"https:\/\/linoexpress.com\/ro\/wp-json\/wp\/v2\/product_cat?post=28587"},{"taxonomy":"product_tag","embeddable":true,"href":"https:\/\/linoexpress.com\/ro\/wp-json\/wp\/v2\/product_tag?post=28587"}],"curies":[{"name":"wp","href":"https:\/\/api.w.org\/{rel}","templated":true}]}}