{"id":29020,"date":"2026-04-24T00:10:04","date_gmt":"2026-04-23T22:10:04","guid":{"rendered":"https:\/\/linoexpress.com\/ro\/produs\/magicshelf-product\/"},"modified":"2026-04-28T09:52:07","modified_gmt":"2026-04-28T07:52:07","slug":"polita-de-siguranta-discreta","status":"publish","type":"product","link":"https:\/\/linoexpress.com\/ro\/produs\/polita-de-siguranta-discreta\/","title":{"rendered":"Poli\u021b\u0103 de siguran\u021b\u0103 discret\u0103"},"content":{"rendered":"","protected":false},"excerpt":{"rendered":"<p>Ascunde\u021bi discret valorile dvs. \u00eentr-un loc unde nimeni nu se a\u0219teapt\u0103 \u2013 \u00eentr-un raft de perete elegant. Combina\u021bia de practicitate \u0219i siguran\u021b\u0103 v\u0103 permite s\u0103 organiza\u021bi spa\u021biul \u0219i, \u00een acela\u0219i timp, s\u0103 proteja\u021bi ceea ce este cel mai important pentru dvs. Designul modern se potrive\u0219te \u00een orice interior \u0219i las\u0103 impresia de lux \u0219i solu\u021bie inteligent\u0103.<\/p>\n","protected":false},"featured_media":29021,"comment_status":"closed","ping_status":"closed","template":"","meta":{"inline_featured_image":false},"product_brand":[],"product_cat":[27,24,15,35],"product_tag":[],"class_list":{"0":"post-29020","1":"product","2":"type-product","3":"status-publish","4":"has-post-thumbnail","6":"product_cat-home","7":"product_cat-sale","8":"product_cat-uncategorized","9":"product_cat-fun","11":"first","12":"instock","13":"sale","14":"taxable","15":"shipping-taxable","16":"purchasable","17":"product-type-simple"},"acf":[],"_links":{"self":[{"href":"https:\/\/linoexpress.com\/ro\/wp-json\/wp\/v2\/product\/29020","targetHints":{"allow":["GET"]}}],"collection":[{"href":"https:\/\/linoexpress.com\/ro\/wp-json\/wp\/v2\/product"}],"about":[{"href":"https:\/\/linoexpress.com\/ro\/wp-json\/wp\/v2\/types\/product"}],"replies":[{"embeddable":true,"href":"https:\/\/linoexpress.com\/ro\/wp-json\/wp\/v2\/comments?post=29020"}],"wp:featuredmedia":[{"embeddable":true,"href":"https:\/\/linoexpress.com\/ro\/wp-json\/wp\/v2\/media\/29021"}],"wp:attachment":[{"href":"https:\/\/linoexpress.com\/ro\/wp-json\/wp\/v2\/media?parent=29020"}],"wp:term":[{"taxonomy":"product_brand","embeddable":true,"href":"https:\/\/linoexpress.com\/ro\/wp-json\/wp\/v2\/product_brand?post=29020"},{"taxonomy":"product_cat","embeddable":true,"href":"https:\/\/linoexpress.com\/ro\/wp-json\/wp\/v2\/product_cat?post=29020"},{"taxonomy":"product_tag","embeddable":true,"href":"https:\/\/linoexpress.com\/ro\/wp-json\/wp\/v2\/product_tag?post=29020"}],"curies":[{"name":"wp","href":"https:\/\/api.w.org\/{rel}","templated":true}]}}