{"id":29043,"date":"2026-04-24T15:12:41","date_gmt":"2026-04-24T13:12:41","guid":{"rendered":"https:\/\/linoexpress.com\/ro\/produs\/vac60-product\/"},"modified":"2026-05-01T14:00:41","modified_gmt":"2026-05-01T12:00:41","slug":"aspirator-turbo-de-mana","status":"publish","type":"product","link":"https:\/\/linoexpress.com\/ro\/produs\/aspirator-turbo-de-mana\/","title":{"rendered":"Aspirator turbo de m\u00e2n\u0103"},"content":{"rendered":"","protected":false},"excerpt":{"rendered":"<p>Aspiratorul turbo de m\u00e2n\u0103 ofer\u0103 o cur\u0103\u021bare puternic\u0103 \u0219i rapid\u0103 f\u0103r\u0103 cabluri \u0219i complica\u021bii. Datorit\u0103 designului compact \u0219i aspira\u021biei puternice, elimin\u0103 cu u\u0219urin\u021b\u0103 praful \u0219i murd\u0103ria chiar \u0219i din cele mai greu accesibile locuri. Ideal pentru cas\u0103 \u0219i ma\u0219in\u0103 &#8211; \u00eentotdeauna gata c\u00e2nd ave\u021bi nevoie.<\/p>\n","protected":false},"featured_media":29045,"comment_status":"closed","ping_status":"closed","template":"","meta":{"inline_featured_image":false},"product_brand":[],"product_cat":[27,24,15,35],"product_tag":[],"class_list":{"0":"post-29043","1":"product","2":"type-product","3":"status-publish","4":"has-post-thumbnail","6":"product_cat-home","7":"product_cat-sale","8":"product_cat-uncategorized","9":"product_cat-fun","11":"first","12":"instock","13":"sale","14":"taxable","15":"shipping-taxable","16":"purchasable","17":"product-type-simple"},"acf":[],"_links":{"self":[{"href":"https:\/\/linoexpress.com\/ro\/wp-json\/wp\/v2\/product\/29043","targetHints":{"allow":["GET"]}}],"collection":[{"href":"https:\/\/linoexpress.com\/ro\/wp-json\/wp\/v2\/product"}],"about":[{"href":"https:\/\/linoexpress.com\/ro\/wp-json\/wp\/v2\/types\/product"}],"replies":[{"embeddable":true,"href":"https:\/\/linoexpress.com\/ro\/wp-json\/wp\/v2\/comments?post=29043"}],"wp:featuredmedia":[{"embeddable":true,"href":"https:\/\/linoexpress.com\/ro\/wp-json\/wp\/v2\/media\/29045"}],"wp:attachment":[{"href":"https:\/\/linoexpress.com\/ro\/wp-json\/wp\/v2\/media?parent=29043"}],"wp:term":[{"taxonomy":"product_brand","embeddable":true,"href":"https:\/\/linoexpress.com\/ro\/wp-json\/wp\/v2\/product_brand?post=29043"},{"taxonomy":"product_cat","embeddable":true,"href":"https:\/\/linoexpress.com\/ro\/wp-json\/wp\/v2\/product_cat?post=29043"},{"taxonomy":"product_tag","embeddable":true,"href":"https:\/\/linoexpress.com\/ro\/wp-json\/wp\/v2\/product_tag?post=29043"}],"curies":[{"name":"wp","href":"https:\/\/api.w.org\/{rel}","templated":true}]}}