{"id":320,"date":"2020-12-01T10:25:37","date_gmt":"2020-12-01T09:25:37","guid":{"rendered":"https:\/\/shopium.eu\/rs\/?post_type=product&#038;p=320"},"modified":"2021-10-06T14:44:29","modified_gmt":"2021-10-06T12:44:29","slug":"inchidere-a-pungilor-portabile-profesionale-sealant","status":"publish","type":"product","link":"https:\/\/linoexpress.com\/ro\/produs\/inchidere-a-pungilor-portabile-profesionale-sealant\/","title":{"rendered":"\u00cenchidere a pungilor portabile profesionale &#8211; Sealant"},"content":{"rendered":"<p>P\u0103stra\u021bi calitatea \u0219i prospe\u021bimea alimentelor dvs. cu aceast\u0103 mini-pung\u0103 portabil\u0103 de etan\u0219are termic\u0103 \u0219i p\u0103stra\u021bi calitatea \u0219i prospe\u021bimea alimentelor dvs. simplu, cu eficien\u021b\u0103 maxim\u0103.<\/p>\n","protected":false},"excerpt":{"rendered":"<p>P\u0103stra\u021bi calitatea \u0219i prospe\u021bimea alimentelor dvs. cu aceast\u0103 mini-pung\u0103 portabil\u0103 de etan\u0219are termic\u0103 \u0219i p\u0103stra\u021bi calitatea \u0219i prospe\u021bimea alimentelor dvs. simplu, cu eficien\u021b\u0103 maxim\u0103.<\/p>\n","protected":false},"featured_media":326,"comment_status":"closed","ping_status":"closed","template":"","meta":{"inline_featured_image":false},"product_brand":[],"product_cat":[27,15],"product_tag":[],"class_list":{"0":"post-320","1":"product","2":"type-product","3":"status-publish","4":"has-post-thumbnail","6":"product_cat-home","7":"product_cat-uncategorized","9":"first","10":"instock","11":"sale","12":"taxable","13":"shipping-taxable","14":"purchasable","15":"product-type-simple"},"acf":[],"_links":{"self":[{"href":"https:\/\/linoexpress.com\/ro\/wp-json\/wp\/v2\/product\/320","targetHints":{"allow":["GET"]}}],"collection":[{"href":"https:\/\/linoexpress.com\/ro\/wp-json\/wp\/v2\/product"}],"about":[{"href":"https:\/\/linoexpress.com\/ro\/wp-json\/wp\/v2\/types\/product"}],"replies":[{"embeddable":true,"href":"https:\/\/linoexpress.com\/ro\/wp-json\/wp\/v2\/comments?post=320"}],"wp:featuredmedia":[{"embeddable":true,"href":"https:\/\/linoexpress.com\/ro\/wp-json\/wp\/v2\/media\/326"}],"wp:attachment":[{"href":"https:\/\/linoexpress.com\/ro\/wp-json\/wp\/v2\/media?parent=320"}],"wp:term":[{"taxonomy":"product_brand","embeddable":true,"href":"https:\/\/linoexpress.com\/ro\/wp-json\/wp\/v2\/product_brand?post=320"},{"taxonomy":"product_cat","embeddable":true,"href":"https:\/\/linoexpress.com\/ro\/wp-json\/wp\/v2\/product_cat?post=320"},{"taxonomy":"product_tag","embeddable":true,"href":"https:\/\/linoexpress.com\/ro\/wp-json\/wp\/v2\/product_tag?post=320"}],"curies":[{"name":"wp","href":"https:\/\/api.w.org\/{rel}","templated":true}]}}