{"id":3279,"date":"2021-04-07T11:05:55","date_gmt":"2021-04-07T09:05:55","guid":{"rendered":"https:\/\/shopium.eu\/ro\/?post_type=product&#038;p=3279"},"modified":"2021-10-07T10:00:25","modified_gmt":"2021-10-07T08:00:25","slug":"pasta-izolatoare-fastseal","status":"publish","type":"product","link":"https:\/\/linoexpress.com\/ro\/produs\/pasta-izolatoare-fastseal\/","title":{"rendered":"Pasta izolatoare &#8211; FastSeal"},"content":{"rendered":"","protected":false},"excerpt":{"rendered":"<p>Pasta magic\u0103 impermeabil\u0103 perfect\u0103 va fi un izolator puternic care poate fi aplicat pe toate suprafe\u021bele din casa dvs., chiar \u0219i pe suprafe\u021be umede. Nu are mirosuri nepl\u0103cute \u0219i are pigmen\u021bi \u00eempotriva petelor galbene.<\/p>\n","protected":false},"featured_media":439,"comment_status":"closed","ping_status":"closed","template":"","meta":{"inline_featured_image":false},"product_brand":[],"product_cat":[27,15],"product_tag":[],"class_list":{"0":"post-3279","1":"product","2":"type-product","3":"status-publish","4":"has-post-thumbnail","6":"product_cat-home","7":"product_cat-uncategorized","9":"first","10":"instock","11":"sale","12":"taxable","13":"shipping-taxable","14":"purchasable","15":"product-type-simple"},"acf":[],"_links":{"self":[{"href":"https:\/\/linoexpress.com\/ro\/wp-json\/wp\/v2\/product\/3279","targetHints":{"allow":["GET"]}}],"collection":[{"href":"https:\/\/linoexpress.com\/ro\/wp-json\/wp\/v2\/product"}],"about":[{"href":"https:\/\/linoexpress.com\/ro\/wp-json\/wp\/v2\/types\/product"}],"replies":[{"embeddable":true,"href":"https:\/\/linoexpress.com\/ro\/wp-json\/wp\/v2\/comments?post=3279"}],"wp:featuredmedia":[{"embeddable":true,"href":"https:\/\/linoexpress.com\/ro\/wp-json\/wp\/v2\/media\/439"}],"wp:attachment":[{"href":"https:\/\/linoexpress.com\/ro\/wp-json\/wp\/v2\/media?parent=3279"}],"wp:term":[{"taxonomy":"product_brand","embeddable":true,"href":"https:\/\/linoexpress.com\/ro\/wp-json\/wp\/v2\/product_brand?post=3279"},{"taxonomy":"product_cat","embeddable":true,"href":"https:\/\/linoexpress.com\/ro\/wp-json\/wp\/v2\/product_cat?post=3279"},{"taxonomy":"product_tag","embeddable":true,"href":"https:\/\/linoexpress.com\/ro\/wp-json\/wp\/v2\/product_tag?post=3279"}],"curies":[{"name":"wp","href":"https:\/\/api.w.org\/{rel}","templated":true}]}}