{"id":3280,"date":"2021-04-07T11:08:00","date_gmt":"2021-04-07T09:08:00","guid":{"rendered":"https:\/\/shopium.eu\/ro\/?post_type=product&#038;p=3280"},"modified":"2024-06-19T12:28:14","modified_gmt":"2024-06-19T10:28:14","slug":"manusi-militare-tactice-glowesly","status":"publish","type":"product","link":"https:\/\/linoexpress.com\/ro\/produs\/manusi-militare-tactice-glowesly\/","title":{"rendered":"M\u0103nu\u0219i militare tactice  &#8211; Glowesly"},"content":{"rendered":"<p>M\u0103nu\u0219ile militare perfecte Touch Screen ideale pentru toate tipurile de sport sau pentru diverse activit\u0103\u021bi \u00een aer liber, f\u0103r\u0103 zg\u00e2rieturi, v\u00e2n\u0103t\u0103i sau deger\u0103turi.<\/p>\n","protected":false},"excerpt":{"rendered":"<p>M\u0103nu\u0219ile militare perfecte Touch Screen ideale pentru toate tipurile de sport sau pentru diverse activit\u0103\u021bi \u00een aer liber, f\u0103r\u0103 zg\u00e2rieturi, v\u00e2n\u0103t\u0103i sau deger\u0103turi.<\/p>\n","protected":false},"featured_media":1253,"comment_status":"closed","ping_status":"closed","template":"","meta":{"inline_featured_image":false},"product_brand":[],"product_cat":[27,15],"product_tag":[],"class_list":{"0":"post-3280","1":"product","2":"type-product","3":"status-publish","4":"has-post-thumbnail","6":"product_cat-home","7":"product_cat-uncategorized","9":"first","10":"instock","11":"sale","12":"taxable","13":"shipping-taxable","14":"purchasable","15":"product-type-simple"},"acf":[],"_links":{"self":[{"href":"https:\/\/linoexpress.com\/ro\/wp-json\/wp\/v2\/product\/3280","targetHints":{"allow":["GET"]}}],"collection":[{"href":"https:\/\/linoexpress.com\/ro\/wp-json\/wp\/v2\/product"}],"about":[{"href":"https:\/\/linoexpress.com\/ro\/wp-json\/wp\/v2\/types\/product"}],"replies":[{"embeddable":true,"href":"https:\/\/linoexpress.com\/ro\/wp-json\/wp\/v2\/comments?post=3280"}],"wp:featuredmedia":[{"embeddable":true,"href":"https:\/\/linoexpress.com\/ro\/wp-json\/wp\/v2\/media\/1253"}],"wp:attachment":[{"href":"https:\/\/linoexpress.com\/ro\/wp-json\/wp\/v2\/media?parent=3280"}],"wp:term":[{"taxonomy":"product_brand","embeddable":true,"href":"https:\/\/linoexpress.com\/ro\/wp-json\/wp\/v2\/product_brand?post=3280"},{"taxonomy":"product_cat","embeddable":true,"href":"https:\/\/linoexpress.com\/ro\/wp-json\/wp\/v2\/product_cat?post=3280"},{"taxonomy":"product_tag","embeddable":true,"href":"https:\/\/linoexpress.com\/ro\/wp-json\/wp\/v2\/product_tag?post=3280"}],"curies":[{"name":"wp","href":"https:\/\/api.w.org\/{rel}","templated":true}]}}