{"id":3281,"date":"2021-04-07T11:11:03","date_gmt":"2021-04-07T09:11:03","guid":{"rendered":"https:\/\/shopium.eu\/ro\/?post_type=product&#038;p=3281"},"modified":"2021-10-07T09:58:55","modified_gmt":"2021-10-07T07:58:55","slug":"lichid-pentru-indepartarea-vopselei-colorends","status":"publish","type":"product","link":"https:\/\/linoexpress.com\/ro\/produs\/lichid-pentru-indepartarea-vopselei-colorends\/","title":{"rendered":"Lichid pentru \u00eendep\u0103rtarea vopselei  &#8211; ColorEnds"},"content":{"rendered":"","protected":false},"excerpt":{"rendered":"<p>\u00cendep\u0103rtarea ultra-eficient\u0103 a vopselei care func\u021bioneaz\u0103 pe o varietate de suprafe\u021be v\u0103 va \u00eenc\u00e2nta cu rata de dizolvare a vopselei \u00een doar 10 minute \u0219i o gam\u0103 larg\u0103 de aplica\u021bii. Cantitatea din flacon este suficient\u0103 pentru o suprafa\u021b\u0103 de 3 m2.<\/p>\n","protected":false},"featured_media":1419,"comment_status":"closed","ping_status":"closed","template":"","meta":{"inline_featured_image":false},"product_brand":[],"product_cat":[15],"product_tag":[],"class_list":{"0":"post-3281","1":"product","2":"type-product","3":"status-publish","4":"has-post-thumbnail","6":"product_cat-uncategorized","8":"first","9":"instock","10":"sale","11":"taxable","12":"shipping-taxable","13":"purchasable","14":"product-type-simple"},"acf":[],"_links":{"self":[{"href":"https:\/\/linoexpress.com\/ro\/wp-json\/wp\/v2\/product\/3281","targetHints":{"allow":["GET"]}}],"collection":[{"href":"https:\/\/linoexpress.com\/ro\/wp-json\/wp\/v2\/product"}],"about":[{"href":"https:\/\/linoexpress.com\/ro\/wp-json\/wp\/v2\/types\/product"}],"replies":[{"embeddable":true,"href":"https:\/\/linoexpress.com\/ro\/wp-json\/wp\/v2\/comments?post=3281"}],"wp:featuredmedia":[{"embeddable":true,"href":"https:\/\/linoexpress.com\/ro\/wp-json\/wp\/v2\/media\/1419"}],"wp:attachment":[{"href":"https:\/\/linoexpress.com\/ro\/wp-json\/wp\/v2\/media?parent=3281"}],"wp:term":[{"taxonomy":"product_brand","embeddable":true,"href":"https:\/\/linoexpress.com\/ro\/wp-json\/wp\/v2\/product_brand?post=3281"},{"taxonomy":"product_cat","embeddable":true,"href":"https:\/\/linoexpress.com\/ro\/wp-json\/wp\/v2\/product_cat?post=3281"},{"taxonomy":"product_tag","embeddable":true,"href":"https:\/\/linoexpress.com\/ro\/wp-json\/wp\/v2\/product_tag?post=3281"}],"curies":[{"name":"wp","href":"https:\/\/api.w.org\/{rel}","templated":true}]}}