{"id":4375,"date":"2021-10-19T08:38:31","date_gmt":"2021-10-19T06:38:31","guid":{"rendered":"https:\/\/linoexpress.com\/ro\/?post_type=product&#038;p=4375"},"modified":"2024-06-19T12:26:31","modified_gmt":"2024-06-19T10:26:31","slug":"aparat-de-barbierit-electric-hairer","status":"publish","type":"product","link":"https:\/\/linoexpress.com\/ro\/produs\/aparat-de-barbierit-electric-hairer\/","title":{"rendered":"Aparat de b\u0103rbierit electric  &#8211; Hairer"},"content":{"rendered":"","protected":false},"excerpt":{"rendered":"<p>Cel mai bun aparat de b\u0103rbierit electric pentru b\u0103rba\u021bi pe care \u00eel ve\u021bi g\u0103si pe pia\u021b\u0103. Se caracterizeaz\u0103 prin lame ceramice de \u00eenalt\u0103 calitate pentru b\u0103rbieritul precis indiferent de direc\u021bie, m\u00e2ner conceput ergonomic \u0219i posibilitatea de \u00eenc\u0103rcare practic\u0103 cu un cablu USB.<\/p>\n","protected":false},"featured_media":4384,"comment_status":"closed","ping_status":"closed","template":"","meta":{"inline_featured_image":false},"product_brand":[],"product_cat":[28,15],"product_tag":[],"class_list":{"0":"post-4375","1":"product","2":"type-product","3":"status-publish","4":"has-post-thumbnail","6":"product_cat-beauty","7":"product_cat-uncategorized","9":"first","10":"instock","11":"sale","12":"taxable","13":"shipping-taxable","14":"purchasable","15":"product-type-simple"},"acf":[],"_links":{"self":[{"href":"https:\/\/linoexpress.com\/ro\/wp-json\/wp\/v2\/product\/4375","targetHints":{"allow":["GET"]}}],"collection":[{"href":"https:\/\/linoexpress.com\/ro\/wp-json\/wp\/v2\/product"}],"about":[{"href":"https:\/\/linoexpress.com\/ro\/wp-json\/wp\/v2\/types\/product"}],"replies":[{"embeddable":true,"href":"https:\/\/linoexpress.com\/ro\/wp-json\/wp\/v2\/comments?post=4375"}],"wp:featuredmedia":[{"embeddable":true,"href":"https:\/\/linoexpress.com\/ro\/wp-json\/wp\/v2\/media\/4384"}],"wp:attachment":[{"href":"https:\/\/linoexpress.com\/ro\/wp-json\/wp\/v2\/media?parent=4375"}],"wp:term":[{"taxonomy":"product_brand","embeddable":true,"href":"https:\/\/linoexpress.com\/ro\/wp-json\/wp\/v2\/product_brand?post=4375"},{"taxonomy":"product_cat","embeddable":true,"href":"https:\/\/linoexpress.com\/ro\/wp-json\/wp\/v2\/product_cat?post=4375"},{"taxonomy":"product_tag","embeddable":true,"href":"https:\/\/linoexpress.com\/ro\/wp-json\/wp\/v2\/product_tag?post=4375"}],"curies":[{"name":"wp","href":"https:\/\/api.w.org\/{rel}","templated":true}]}}