{"id":4406,"date":"2021-10-20T12:02:18","date_gmt":"2021-10-20T10:02:18","guid":{"rendered":"https:\/\/linoexpress.com\/ro\/?post_type=product&#038;p=4406"},"modified":"2021-10-20T13:23:21","modified_gmt":"2021-10-20T11:23:21","slug":"lampa-solara-camera-falsa-de-supraveghere-fakeam","status":"publish","type":"product","link":"https:\/\/linoexpress.com\/ro\/produs\/lampa-solara-camera-falsa-de-supraveghere-fakeam\/","title":{"rendered":"Lamp\u0103 solar\u0103 \u2013 camer\u0103 fals\u0103 de supraveghere  &#8211; Fakeam"},"content":{"rendered":"","protected":false},"excerpt":{"rendered":"<p><span style=\"font-weight: 400\">Un produs revolu\u021bionar care v\u0103 aduce securitatea necesar\u0103 \u00een protec\u021bia propriet\u0103\u021bii dumneavoastr\u0103, \u0219i este vorba doar de o lamp\u0103 cu LED care arat\u0103 ca o camer\u0103 de supraveghere real\u0103 \u0219i are chiar \u0219i un senzor de mi\u0219care PEER! <\/span><\/p>\n","protected":false},"featured_media":4419,"comment_status":"closed","ping_status":"closed","template":"","meta":{"inline_featured_image":false},"product_brand":[],"product_cat":[27,15],"product_tag":[],"class_list":{"0":"post-4406","1":"product","2":"type-product","3":"status-publish","4":"has-post-thumbnail","6":"product_cat-home","7":"product_cat-uncategorized","9":"first","10":"instock","11":"sale","12":"taxable","13":"shipping-taxable","14":"purchasable","15":"product-type-simple"},"acf":[],"_links":{"self":[{"href":"https:\/\/linoexpress.com\/ro\/wp-json\/wp\/v2\/product\/4406","targetHints":{"allow":["GET"]}}],"collection":[{"href":"https:\/\/linoexpress.com\/ro\/wp-json\/wp\/v2\/product"}],"about":[{"href":"https:\/\/linoexpress.com\/ro\/wp-json\/wp\/v2\/types\/product"}],"replies":[{"embeddable":true,"href":"https:\/\/linoexpress.com\/ro\/wp-json\/wp\/v2\/comments?post=4406"}],"wp:featuredmedia":[{"embeddable":true,"href":"https:\/\/linoexpress.com\/ro\/wp-json\/wp\/v2\/media\/4419"}],"wp:attachment":[{"href":"https:\/\/linoexpress.com\/ro\/wp-json\/wp\/v2\/media?parent=4406"}],"wp:term":[{"taxonomy":"product_brand","embeddable":true,"href":"https:\/\/linoexpress.com\/ro\/wp-json\/wp\/v2\/product_brand?post=4406"},{"taxonomy":"product_cat","embeddable":true,"href":"https:\/\/linoexpress.com\/ro\/wp-json\/wp\/v2\/product_cat?post=4406"},{"taxonomy":"product_tag","embeddable":true,"href":"https:\/\/linoexpress.com\/ro\/wp-json\/wp\/v2\/product_tag?post=4406"}],"curies":[{"name":"wp","href":"https:\/\/api.w.org\/{rel}","templated":true}]}}