{"id":4456,"date":"2022-03-30T15:45:27","date_gmt":"2022-03-30T13:45:27","guid":{"rendered":"https:\/\/linoexpress.com\/ro\/?post_type=product&#038;p=4456"},"modified":"2023-01-05T14:29:18","modified_gmt":"2023-01-05T13:29:18","slug":"11-gratis-ac-pentru-ungere-topdle","status":"publish","type":"product","link":"https:\/\/linoexpress.com\/ro\/produs\/11-gratis-ac-pentru-ungere-topdle\/","title":{"rendered":"1+1 GRATIS Ac pentru ungere &#8211; Topdle"},"content":{"rendered":"","protected":false},"excerpt":{"rendered":"<p>V\u00e2rful acestui ac v\u0103 permite s\u0103 injecta\u021bi gr\u0103simea \u00een spa\u021bii \u00eenguste. Face\u021bi ca munca dumneavoastr\u0103 s\u0103 fie mai eficient\u0103 \u0219i mai fiabil\u0103!<\/p>\n","protected":false},"featured_media":4461,"comment_status":"closed","ping_status":"closed","template":"","meta":{"inline_featured_image":false},"product_brand":[],"product_cat":[27,24,15],"product_tag":[],"class_list":{"0":"post-4456","1":"product","2":"type-product","3":"status-publish","4":"has-post-thumbnail","6":"product_cat-home","7":"product_cat-sale","8":"product_cat-uncategorized","10":"first","11":"instock","12":"sale","13":"taxable","14":"shipping-taxable","15":"purchasable","16":"product-type-simple"},"acf":[],"_links":{"self":[{"href":"https:\/\/linoexpress.com\/ro\/wp-json\/wp\/v2\/product\/4456","targetHints":{"allow":["GET"]}}],"collection":[{"href":"https:\/\/linoexpress.com\/ro\/wp-json\/wp\/v2\/product"}],"about":[{"href":"https:\/\/linoexpress.com\/ro\/wp-json\/wp\/v2\/types\/product"}],"replies":[{"embeddable":true,"href":"https:\/\/linoexpress.com\/ro\/wp-json\/wp\/v2\/comments?post=4456"}],"wp:featuredmedia":[{"embeddable":true,"href":"https:\/\/linoexpress.com\/ro\/wp-json\/wp\/v2\/media\/4461"}],"wp:attachment":[{"href":"https:\/\/linoexpress.com\/ro\/wp-json\/wp\/v2\/media?parent=4456"}],"wp:term":[{"taxonomy":"product_brand","embeddable":true,"href":"https:\/\/linoexpress.com\/ro\/wp-json\/wp\/v2\/product_brand?post=4456"},{"taxonomy":"product_cat","embeddable":true,"href":"https:\/\/linoexpress.com\/ro\/wp-json\/wp\/v2\/product_cat?post=4456"},{"taxonomy":"product_tag","embeddable":true,"href":"https:\/\/linoexpress.com\/ro\/wp-json\/wp\/v2\/product_tag?post=4456"}],"curies":[{"name":"wp","href":"https:\/\/api.w.org\/{rel}","templated":true}]}}