{"id":4642,"date":"2022-06-13T14:52:37","date_gmt":"2022-06-13T12:52:37","guid":{"rendered":"https:\/\/linoexpress.com\/ro\/?post_type=product&#038;p=4642"},"modified":"2023-01-05T14:18:53","modified_gmt":"2023-01-05T13:18:53","slug":"5-piese-set-momeala-pentru-pescuit-fastfish","status":"publish","type":"product","link":"https:\/\/linoexpress.com\/ro\/produs\/5-piese-set-momeala-pentru-pescuit-fastfish\/","title":{"rendered":"5 Piese &#8211; Set momeal\u0103 pentru pescuit-FastFish"},"content":{"rendered":"<p>Designul momelii este a\u0219a conceput pentru a avea un aspect realist \u0219i performan\u021b\u0103 de \u00eenot precum un pe\u0219te r\u0103nit. Pe\u0219tii r\u0103pitori de toate dimensiunile \u00eei vor ataca rapid! Momeal\u0103 ideal\u0103 pentru pescuitul \u00een mare, precum \u0219i \u00een ap\u0103 dulce!<\/p>\n","protected":false},"excerpt":{"rendered":"<p>Designul momelii este a\u0219a conceput pentru a avea un aspect realist \u0219i performan\u021b\u0103 de \u00eenot precum un pe\u0219te r\u0103nit. Pe\u0219tii r\u0103pitori de toate dimensiunile \u00eei vor ataca rapid! Momeal\u0103 ideal\u0103 pentru pescuitul \u00een mare, precum \u0219i \u00een ap\u0103 dulce!<\/p>\n","protected":false},"featured_media":4654,"comment_status":"closed","ping_status":"closed","template":"","meta":{"inline_featured_image":false},"product_brand":[],"product_cat":[27,15,35],"product_tag":[],"class_list":{"0":"post-4642","1":"product","2":"type-product","3":"status-publish","4":"has-post-thumbnail","6":"product_cat-home","7":"product_cat-uncategorized","8":"product_cat-fun","10":"first","11":"instock","12":"sale","13":"taxable","14":"shipping-taxable","15":"purchasable","16":"product-type-simple"},"acf":[],"_links":{"self":[{"href":"https:\/\/linoexpress.com\/ro\/wp-json\/wp\/v2\/product\/4642","targetHints":{"allow":["GET"]}}],"collection":[{"href":"https:\/\/linoexpress.com\/ro\/wp-json\/wp\/v2\/product"}],"about":[{"href":"https:\/\/linoexpress.com\/ro\/wp-json\/wp\/v2\/types\/product"}],"replies":[{"embeddable":true,"href":"https:\/\/linoexpress.com\/ro\/wp-json\/wp\/v2\/comments?post=4642"}],"wp:featuredmedia":[{"embeddable":true,"href":"https:\/\/linoexpress.com\/ro\/wp-json\/wp\/v2\/media\/4654"}],"wp:attachment":[{"href":"https:\/\/linoexpress.com\/ro\/wp-json\/wp\/v2\/media?parent=4642"}],"wp:term":[{"taxonomy":"product_brand","embeddable":true,"href":"https:\/\/linoexpress.com\/ro\/wp-json\/wp\/v2\/product_brand?post=4642"},{"taxonomy":"product_cat","embeddable":true,"href":"https:\/\/linoexpress.com\/ro\/wp-json\/wp\/v2\/product_cat?post=4642"},{"taxonomy":"product_tag","embeddable":true,"href":"https:\/\/linoexpress.com\/ro\/wp-json\/wp\/v2\/product_tag?post=4642"}],"curies":[{"name":"wp","href":"https:\/\/api.w.org\/{rel}","templated":true}]}}