{"id":4707,"date":"2022-06-17T13:29:41","date_gmt":"2022-06-17T11:29:41","guid":{"rendered":"https:\/\/linoexpress.com\/ro\/?post_type=product&#038;p=4707"},"modified":"2024-06-19T12:25:59","modified_gmt":"2024-06-19T10:25:59","slug":"jaluzele-pentru-protectie-solara-pentru-masini-si-geamuri","status":"publish","type":"product","link":"https:\/\/linoexpress.com\/ro\/produs\/jaluzele-pentru-protectie-solara-pentru-masini-si-geamuri\/","title":{"rendered":"Jaluzele pentru protec\u021bie solar\u0103 pentru ma\u0219ini \u0219i geamuri"},"content":{"rendered":"","protected":false},"excerpt":{"rendered":"<p>Reduce\u021bi razele UV \u0219i lumina soarelui din ma\u0219ina dumneavoastr\u0103 \u0219i face\u021bi condusul mai pl\u0103cut. Utiliza\u021bi aceast\u0103 protec\u021bie pentru toate \u00eenc\u0103perile \u00een care este nevoie!<\/p>\n","protected":false},"featured_media":4716,"comment_status":"closed","ping_status":"closed","template":"","meta":{"inline_featured_image":false},"product_brand":[],"product_cat":[25,15],"product_tag":[],"class_list":{"0":"post-4707","1":"product","2":"type-product","3":"status-publish","4":"has-post-thumbnail","6":"product_cat-car","7":"product_cat-uncategorized","9":"first","10":"instock","11":"sale","12":"taxable","13":"shipping-taxable","14":"purchasable","15":"product-type-simple"},"acf":[],"_links":{"self":[{"href":"https:\/\/linoexpress.com\/ro\/wp-json\/wp\/v2\/product\/4707","targetHints":{"allow":["GET"]}}],"collection":[{"href":"https:\/\/linoexpress.com\/ro\/wp-json\/wp\/v2\/product"}],"about":[{"href":"https:\/\/linoexpress.com\/ro\/wp-json\/wp\/v2\/types\/product"}],"replies":[{"embeddable":true,"href":"https:\/\/linoexpress.com\/ro\/wp-json\/wp\/v2\/comments?post=4707"}],"wp:featuredmedia":[{"embeddable":true,"href":"https:\/\/linoexpress.com\/ro\/wp-json\/wp\/v2\/media\/4716"}],"wp:attachment":[{"href":"https:\/\/linoexpress.com\/ro\/wp-json\/wp\/v2\/media?parent=4707"}],"wp:term":[{"taxonomy":"product_brand","embeddable":true,"href":"https:\/\/linoexpress.com\/ro\/wp-json\/wp\/v2\/product_brand?post=4707"},{"taxonomy":"product_cat","embeddable":true,"href":"https:\/\/linoexpress.com\/ro\/wp-json\/wp\/v2\/product_cat?post=4707"},{"taxonomy":"product_tag","embeddable":true,"href":"https:\/\/linoexpress.com\/ro\/wp-json\/wp\/v2\/product_tag?post=4707"}],"curies":[{"name":"wp","href":"https:\/\/api.w.org\/{rel}","templated":true}]}}