{"id":4779,"date":"2022-06-22T13:08:49","date_gmt":"2022-06-22T11:08:49","guid":{"rendered":"https:\/\/linoexpress.com\/ro\/?post_type=product&#038;p=4779"},"modified":"2023-04-13T12:40:21","modified_gmt":"2023-04-13T10:40:21","slug":"joc-de-potrivire-a-formelor","status":"publish","type":"product","link":"https:\/\/linoexpress.com\/ro\/produs\/joc-de-potrivire-a-formelor\/","title":{"rendered":"Joc de potrivire a formelor"},"content":{"rendered":"","protected":false},"excerpt":{"rendered":"<p>Acest joc educa\u021bional senzorial de potrivire \u0219i g\u0103sire a formei potrivite este o combina\u021bie ideal\u0103 de \u00eenv\u0103\u021bare \u0219i distrac\u021bie. Oferi\u021bi-le copiilor vo\u0219tri distrac\u021bia perfect\u0103!<\/p>\n","protected":false},"featured_media":4783,"comment_status":"closed","ping_status":"closed","template":"","meta":{"inline_featured_image":false},"product_brand":[],"product_cat":[15,35],"product_tag":[],"class_list":{"0":"post-4779","1":"product","2":"type-product","3":"status-publish","4":"has-post-thumbnail","6":"product_cat-uncategorized","7":"product_cat-fun","9":"first","10":"instock","11":"sale","12":"taxable","13":"shipping-taxable","14":"purchasable","15":"product-type-simple"},"acf":[],"_links":{"self":[{"href":"https:\/\/linoexpress.com\/ro\/wp-json\/wp\/v2\/product\/4779","targetHints":{"allow":["GET"]}}],"collection":[{"href":"https:\/\/linoexpress.com\/ro\/wp-json\/wp\/v2\/product"}],"about":[{"href":"https:\/\/linoexpress.com\/ro\/wp-json\/wp\/v2\/types\/product"}],"replies":[{"embeddable":true,"href":"https:\/\/linoexpress.com\/ro\/wp-json\/wp\/v2\/comments?post=4779"}],"wp:featuredmedia":[{"embeddable":true,"href":"https:\/\/linoexpress.com\/ro\/wp-json\/wp\/v2\/media\/4783"}],"wp:attachment":[{"href":"https:\/\/linoexpress.com\/ro\/wp-json\/wp\/v2\/media?parent=4779"}],"wp:term":[{"taxonomy":"product_brand","embeddable":true,"href":"https:\/\/linoexpress.com\/ro\/wp-json\/wp\/v2\/product_brand?post=4779"},{"taxonomy":"product_cat","embeddable":true,"href":"https:\/\/linoexpress.com\/ro\/wp-json\/wp\/v2\/product_cat?post=4779"},{"taxonomy":"product_tag","embeddable":true,"href":"https:\/\/linoexpress.com\/ro\/wp-json\/wp\/v2\/product_tag?post=4779"}],"curies":[{"name":"wp","href":"https:\/\/api.w.org\/{rel}","templated":true}]}}