{"id":4997,"date":"2022-07-01T12:50:16","date_gmt":"2022-07-01T10:50:16","guid":{"rendered":"https:\/\/linoexpress.com\/ro\/?post_type=product&#038;p=4997"},"modified":"2024-06-19T12:37:23","modified_gmt":"2024-06-19T10:37:23","slug":"sutien-de-vara-pushup-fara-bretele-2","status":"publish","type":"product","link":"https:\/\/linoexpress.com\/ro\/produs\/sutien-de-vara-pushup-fara-bretele-2\/","title":{"rendered":"Sutien de var\u0103 PushUp f\u0103r\u0103 bretele"},"content":{"rendered":"","protected":false},"excerpt":{"rendered":"<p>Ridica\u021bi-v\u0103 s\u00e2nii pentru un aspect spectaculos cu un decolteu mai ad\u00e2nc \u00een orice ocazie \u0219i combina\u021bie. Acest sutien f\u0103r\u0103 bretele PushUp va r\u0103m\u00e2ne ascuns sub orice \u00eembr\u0103c\u0103minte.<\/p>\n<ul>\n<li>A-B &#8211; potrivit pentru co\u0219uri A\/B<\/li>\n<li>C-D \u2013 potrivit pentru co\u0219uri C\/D<\/li>\n<li>E-F \u2013 potrivit pentru co\u0219uri E\/F<\/li>\n<\/ul>\n","protected":false},"featured_media":4674,"comment_status":"closed","ping_status":"closed","template":"","meta":{"inline_featured_image":false},"product_brand":[],"product_cat":[28,15],"product_tag":[],"class_list":{"0":"post-4997","1":"product","2":"type-product","3":"status-publish","4":"has-post-thumbnail","6":"product_cat-beauty","7":"product_cat-uncategorized","9":"first","10":"instock","11":"sale","12":"taxable","13":"shipping-taxable","14":"purchasable","15":"product-type-variable"},"acf":[],"_links":{"self":[{"href":"https:\/\/linoexpress.com\/ro\/wp-json\/wp\/v2\/product\/4997","targetHints":{"allow":["GET"]}}],"collection":[{"href":"https:\/\/linoexpress.com\/ro\/wp-json\/wp\/v2\/product"}],"about":[{"href":"https:\/\/linoexpress.com\/ro\/wp-json\/wp\/v2\/types\/product"}],"replies":[{"embeddable":true,"href":"https:\/\/linoexpress.com\/ro\/wp-json\/wp\/v2\/comments?post=4997"}],"wp:featuredmedia":[{"embeddable":true,"href":"https:\/\/linoexpress.com\/ro\/wp-json\/wp\/v2\/media\/4674"}],"wp:attachment":[{"href":"https:\/\/linoexpress.com\/ro\/wp-json\/wp\/v2\/media?parent=4997"}],"wp:term":[{"taxonomy":"product_brand","embeddable":true,"href":"https:\/\/linoexpress.com\/ro\/wp-json\/wp\/v2\/product_brand?post=4997"},{"taxonomy":"product_cat","embeddable":true,"href":"https:\/\/linoexpress.com\/ro\/wp-json\/wp\/v2\/product_cat?post=4997"},{"taxonomy":"product_tag","embeddable":true,"href":"https:\/\/linoexpress.com\/ro\/wp-json\/wp\/v2\/product_tag?post=4997"}],"curies":[{"name":"wp","href":"https:\/\/api.w.org\/{rel}","templated":true}]}}