{"id":5076,"date":"2022-07-04T10:44:05","date_gmt":"2022-07-04T08:44:05","guid":{"rendered":"https:\/\/linoexpress.com\/ro\/?post_type=product&#038;p=5076"},"modified":"2022-07-07T15:59:47","modified_gmt":"2022-07-07T13:59:47","slug":"gel-pentru-curatarea-si-albirea-incaltamintei","status":"publish","type":"product","link":"https:\/\/linoexpress.com\/ro\/produs\/gel-pentru-curatarea-si-albirea-incaltamintei\/","title":{"rendered":"Gel pentru cur\u0103\u021barea \u0219i albirea \u00eenc\u0103l\u021b\u0103mintei"},"content":{"rendered":"","protected":false},"excerpt":{"rendered":"<p>\u00cendep\u0103rta\u021bi murd\u0103ria \u0219i petele galbene de la prea mult stat cu acest gel de albire \u0219i cur\u0103\u021bare fenomenal!<\/p>\n","protected":false},"featured_media":5081,"comment_status":"closed","ping_status":"closed","template":"","meta":{"inline_featured_image":false},"product_brand":[],"product_cat":[27,15],"product_tag":[],"class_list":{"0":"post-5076","1":"product","2":"type-product","3":"status-publish","4":"has-post-thumbnail","6":"product_cat-home","7":"product_cat-uncategorized","9":"first","10":"instock","11":"sale","12":"taxable","13":"shipping-taxable","14":"purchasable","15":"product-type-simple"},"acf":[],"_links":{"self":[{"href":"https:\/\/linoexpress.com\/ro\/wp-json\/wp\/v2\/product\/5076","targetHints":{"allow":["GET"]}}],"collection":[{"href":"https:\/\/linoexpress.com\/ro\/wp-json\/wp\/v2\/product"}],"about":[{"href":"https:\/\/linoexpress.com\/ro\/wp-json\/wp\/v2\/types\/product"}],"replies":[{"embeddable":true,"href":"https:\/\/linoexpress.com\/ro\/wp-json\/wp\/v2\/comments?post=5076"}],"wp:featuredmedia":[{"embeddable":true,"href":"https:\/\/linoexpress.com\/ro\/wp-json\/wp\/v2\/media\/5081"}],"wp:attachment":[{"href":"https:\/\/linoexpress.com\/ro\/wp-json\/wp\/v2\/media?parent=5076"}],"wp:term":[{"taxonomy":"product_brand","embeddable":true,"href":"https:\/\/linoexpress.com\/ro\/wp-json\/wp\/v2\/product_brand?post=5076"},{"taxonomy":"product_cat","embeddable":true,"href":"https:\/\/linoexpress.com\/ro\/wp-json\/wp\/v2\/product_cat?post=5076"},{"taxonomy":"product_tag","embeddable":true,"href":"https:\/\/linoexpress.com\/ro\/wp-json\/wp\/v2\/product_tag?post=5076"}],"curies":[{"name":"wp","href":"https:\/\/api.w.org\/{rel}","templated":true}]}}