{"id":553,"date":"2020-12-09T13:50:56","date_gmt":"2020-12-09T12:50:56","guid":{"rendered":"https:\/\/shopium.eu\/rs\/?post_type=product&#038;p=553"},"modified":"2021-04-07T14:58:46","modified_gmt":"2021-04-07T12:58:46","slug":"toenailcorrector","status":"publish","type":"product","link":"https:\/\/linoexpress.com\/ro\/produs\/toenailcorrector\/","title":{"rendered":"Plasturi \u00eempotriva ciupercilor \u015fi unghiilor \u00eencarnate &#8211; ToenailCorrector (30 buc\u0103\u0163i)"},"content":{"rendered":"<p>Produsul perfect sub forma unui plasture cu ajutorul c\u0103ruia ve\u0163i avea din nou unghii frumoase \u015fi s\u0103n\u0103toase \u015fi care v\u0103 va sc\u0103pa de unghiile \u00eencarnate dureroase, precum va elimina \u015fi preveni formarea ciupercilor, complet sigur \u015fi u\u015for.<\/p>\n","protected":false},"excerpt":{"rendered":"<p>Produsul perfect sub forma unui plasture cu ajutorul c\u0103ruia ve\u0163i avea din nou unghii frumoase \u015fi s\u0103n\u0103toase \u015fi care v\u0103 va sc\u0103pa de unghiile \u00eencarnate dureroase, precum va elimina \u015fi preveni formarea ciupercilor, complet sigur \u015fi u\u015for.<\/p>\n","protected":false},"featured_media":558,"comment_status":"closed","ping_status":"closed","template":"","meta":{"inline_featured_image":false},"product_brand":[],"product_cat":[24,15,26],"product_tag":[],"class_list":{"0":"post-553","1":"product","2":"type-product","3":"status-publish","4":"has-post-thumbnail","6":"product_cat-sale","7":"product_cat-uncategorized","8":"product_cat-health","10":"first","11":"instock","12":"sale","13":"taxable","14":"shipping-taxable","15":"purchasable","16":"product-type-simple"},"acf":[],"_links":{"self":[{"href":"https:\/\/linoexpress.com\/ro\/wp-json\/wp\/v2\/product\/553","targetHints":{"allow":["GET"]}}],"collection":[{"href":"https:\/\/linoexpress.com\/ro\/wp-json\/wp\/v2\/product"}],"about":[{"href":"https:\/\/linoexpress.com\/ro\/wp-json\/wp\/v2\/types\/product"}],"replies":[{"embeddable":true,"href":"https:\/\/linoexpress.com\/ro\/wp-json\/wp\/v2\/comments?post=553"}],"wp:featuredmedia":[{"embeddable":true,"href":"https:\/\/linoexpress.com\/ro\/wp-json\/wp\/v2\/media\/558"}],"wp:attachment":[{"href":"https:\/\/linoexpress.com\/ro\/wp-json\/wp\/v2\/media?parent=553"}],"wp:term":[{"taxonomy":"product_brand","embeddable":true,"href":"https:\/\/linoexpress.com\/ro\/wp-json\/wp\/v2\/product_brand?post=553"},{"taxonomy":"product_cat","embeddable":true,"href":"https:\/\/linoexpress.com\/ro\/wp-json\/wp\/v2\/product_cat?post=553"},{"taxonomy":"product_tag","embeddable":true,"href":"https:\/\/linoexpress.com\/ro\/wp-json\/wp\/v2\/product_tag?post=553"}],"curies":[{"name":"wp","href":"https:\/\/api.w.org\/{rel}","templated":true}]}}