{"id":5967,"date":"2022-08-12T13:14:20","date_gmt":"2022-08-12T11:14:20","guid":{"rendered":"https:\/\/linoexpress.com\/ro\/?post_type=product&#038;p=5967"},"modified":"2024-06-19T12:25:42","modified_gmt":"2024-06-19T10:25:42","slug":"un-ceas-cu-o-masina-cu-telecomanda","status":"publish","type":"product","link":"https:\/\/linoexpress.com\/ro\/produs\/un-ceas-cu-o-masina-cu-telecomanda\/","title":{"rendered":"Un ceas cu o ma\u0219in\u0103 cu telecomand\u0103"},"content":{"rendered":"","protected":false},"excerpt":{"rendered":"<p>O juc\u0103rie fenomenal\u0103 \u0219i practic\u0103, va face fiecare copil s\u0103 z\u00e2mbeasc\u0103 \u0219i s\u0103 se distreze \u00een toate situa\u021biile. Designul practic va permite copilului s\u0103 aib\u0103 mereu cu el juc\u0103ria lui preferat\u0103!<\/p>\n","protected":false},"featured_media":5968,"comment_status":"closed","ping_status":"closed","template":"","meta":{"inline_featured_image":false},"product_brand":[],"product_cat":[15,35],"product_tag":[],"class_list":{"0":"post-5967","1":"product","2":"type-product","3":"status-publish","4":"has-post-thumbnail","6":"product_cat-uncategorized","7":"product_cat-fun","9":"first","10":"instock","11":"sale","12":"taxable","13":"shipping-taxable","14":"purchasable","15":"product-type-simple"},"acf":[],"_links":{"self":[{"href":"https:\/\/linoexpress.com\/ro\/wp-json\/wp\/v2\/product\/5967","targetHints":{"allow":["GET"]}}],"collection":[{"href":"https:\/\/linoexpress.com\/ro\/wp-json\/wp\/v2\/product"}],"about":[{"href":"https:\/\/linoexpress.com\/ro\/wp-json\/wp\/v2\/types\/product"}],"replies":[{"embeddable":true,"href":"https:\/\/linoexpress.com\/ro\/wp-json\/wp\/v2\/comments?post=5967"}],"wp:featuredmedia":[{"embeddable":true,"href":"https:\/\/linoexpress.com\/ro\/wp-json\/wp\/v2\/media\/5968"}],"wp:attachment":[{"href":"https:\/\/linoexpress.com\/ro\/wp-json\/wp\/v2\/media?parent=5967"}],"wp:term":[{"taxonomy":"product_brand","embeddable":true,"href":"https:\/\/linoexpress.com\/ro\/wp-json\/wp\/v2\/product_brand?post=5967"},{"taxonomy":"product_cat","embeddable":true,"href":"https:\/\/linoexpress.com\/ro\/wp-json\/wp\/v2\/product_cat?post=5967"},{"taxonomy":"product_tag","embeddable":true,"href":"https:\/\/linoexpress.com\/ro\/wp-json\/wp\/v2\/product_tag?post=5967"}],"curies":[{"name":"wp","href":"https:\/\/api.w.org\/{rel}","templated":true}]}}