{"id":7151,"date":"2022-10-07T11:50:16","date_gmt":"2022-10-07T09:50:16","guid":{"rendered":"https:\/\/linoexpress.com\/ro\/?post_type=product&#038;p=7151"},"modified":"2024-10-14T10:10:51","modified_gmt":"2024-10-14T08:10:51","slug":"aspirator-de-mana-fara-fir","status":"publish","type":"product","link":"https:\/\/linoexpress.com\/ro\/produs\/aspirator-de-mana-fara-fir\/","title":{"rendered":"Aspirator de m\u00e2n\u0103 f\u0103r\u0103 fir"},"content":{"rendered":"","protected":false},"excerpt":{"rendered":"<p>Un aspirator de m\u00e2n\u0103 u\u0219or, cu putere de aspirare puternic\u0103, este un asistent ideal \u00een orice cas\u0103, loc de munc\u0103 sau ma\u0219in\u0103. Sc\u0103pa\u021bi de murd\u0103rie \u00een c\u00e2\u021biva pa\u0219i cu acest aspirator de ultim\u0103 genera\u021bie.<\/p>\n","protected":false},"featured_media":7157,"comment_status":"closed","ping_status":"closed","template":"","meta":{"inline_featured_image":false},"product_brand":[],"product_cat":[27,15],"product_tag":[],"class_list":{"0":"post-7151","1":"product","2":"type-product","3":"status-publish","4":"has-post-thumbnail","6":"product_cat-home","7":"product_cat-uncategorized","9":"first","10":"instock","11":"sale","12":"taxable","13":"shipping-taxable","14":"purchasable","15":"product-type-simple"},"acf":[],"_links":{"self":[{"href":"https:\/\/linoexpress.com\/ro\/wp-json\/wp\/v2\/product\/7151","targetHints":{"allow":["GET"]}}],"collection":[{"href":"https:\/\/linoexpress.com\/ro\/wp-json\/wp\/v2\/product"}],"about":[{"href":"https:\/\/linoexpress.com\/ro\/wp-json\/wp\/v2\/types\/product"}],"replies":[{"embeddable":true,"href":"https:\/\/linoexpress.com\/ro\/wp-json\/wp\/v2\/comments?post=7151"}],"wp:featuredmedia":[{"embeddable":true,"href":"https:\/\/linoexpress.com\/ro\/wp-json\/wp\/v2\/media\/7157"}],"wp:attachment":[{"href":"https:\/\/linoexpress.com\/ro\/wp-json\/wp\/v2\/media?parent=7151"}],"wp:term":[{"taxonomy":"product_brand","embeddable":true,"href":"https:\/\/linoexpress.com\/ro\/wp-json\/wp\/v2\/product_brand?post=7151"},{"taxonomy":"product_cat","embeddable":true,"href":"https:\/\/linoexpress.com\/ro\/wp-json\/wp\/v2\/product_cat?post=7151"},{"taxonomy":"product_tag","embeddable":true,"href":"https:\/\/linoexpress.com\/ro\/wp-json\/wp\/v2\/product_tag?post=7151"}],"curies":[{"name":"wp","href":"https:\/\/api.w.org\/{rel}","templated":true}]}}