{"id":7556,"date":"2022-10-21T13:25:51","date_gmt":"2022-10-21T11:25:51","guid":{"rendered":"https:\/\/linoexpress.com\/ro\/?post_type=product&#038;p=7556"},"modified":"2024-06-19T12:36:57","modified_gmt":"2024-06-19T10:36:57","slug":"proiector-holografic","status":"publish","type":"product","link":"https:\/\/linoexpress.com\/ro\/produs\/proiector-holografic\/","title":{"rendered":"Proiector holografic"},"content":{"rendered":"","protected":false},"excerpt":{"rendered":"<p>Ridica\u021bi-v\u0103 decorarea casei pentru s\u0103rb\u0103torile de iarn\u0103 la nivel \u00eenalt. 12 proiec\u021bii diferite vor face aceste s\u0103rb\u0103tori de neuitat. Face\u021bi casa dumnevoastr\u0103 s\u0103 fie cea mai \u00eenfrico\u0219\u0103toare de Halloween \u0219i cea mai fericit\u0103 de Cr\u0103ciun.<\/p>\n","protected":false},"featured_media":7560,"comment_status":"closed","ping_status":"closed","template":"","meta":{"inline_featured_image":false},"product_brand":[],"product_cat":[15,35],"product_tag":[],"class_list":{"0":"post-7556","1":"product","2":"type-product","3":"status-publish","4":"has-post-thumbnail","6":"product_cat-uncategorized","7":"product_cat-fun","9":"first","10":"instock","11":"sale","12":"taxable","13":"shipping-taxable","14":"purchasable","15":"product-type-simple"},"acf":[],"_links":{"self":[{"href":"https:\/\/linoexpress.com\/ro\/wp-json\/wp\/v2\/product\/7556","targetHints":{"allow":["GET"]}}],"collection":[{"href":"https:\/\/linoexpress.com\/ro\/wp-json\/wp\/v2\/product"}],"about":[{"href":"https:\/\/linoexpress.com\/ro\/wp-json\/wp\/v2\/types\/product"}],"replies":[{"embeddable":true,"href":"https:\/\/linoexpress.com\/ro\/wp-json\/wp\/v2\/comments?post=7556"}],"wp:featuredmedia":[{"embeddable":true,"href":"https:\/\/linoexpress.com\/ro\/wp-json\/wp\/v2\/media\/7560"}],"wp:attachment":[{"href":"https:\/\/linoexpress.com\/ro\/wp-json\/wp\/v2\/media?parent=7556"}],"wp:term":[{"taxonomy":"product_brand","embeddable":true,"href":"https:\/\/linoexpress.com\/ro\/wp-json\/wp\/v2\/product_brand?post=7556"},{"taxonomy":"product_cat","embeddable":true,"href":"https:\/\/linoexpress.com\/ro\/wp-json\/wp\/v2\/product_cat?post=7556"},{"taxonomy":"product_tag","embeddable":true,"href":"https:\/\/linoexpress.com\/ro\/wp-json\/wp\/v2\/product_tag?post=7556"}],"curies":[{"name":"wp","href":"https:\/\/api.w.org\/{rel}","templated":true}]}}