{"id":8182,"date":"2022-11-10T10:01:15","date_gmt":"2022-11-10T09:01:15","guid":{"rendered":"https:\/\/linoexpress.com\/ro\/?post_type=product&#038;p=8182"},"modified":"2023-03-21T08:52:40","modified_gmt":"2023-03-21T07:52:40","slug":"extensie-de-taiere-a-metalelor","status":"publish","type":"product","link":"https:\/\/linoexpress.com\/ro\/produs\/extensie-de-taiere-a-metalelor\/","title":{"rendered":"Extensie de t\u0103iere a metalelor"},"content":{"rendered":"","protected":false},"excerpt":{"rendered":"<p>Viteza mare de t\u0103iere \u0219i t\u0103ieri curate \u0219i precise v\u0103 vor permite eficien\u021b\u0103 \u0219i precizie maxim\u0103. Se deplaseaz\u0103 perfect pe modele str\u00e2nse \u0219i col\u021buri pentru o t\u0103iere optim\u0103 de fiecare dat\u0103.<\/p>\n","protected":false},"featured_media":8187,"comment_status":"closed","ping_status":"closed","template":"","meta":{"inline_featured_image":false},"product_brand":[],"product_cat":[27,15],"product_tag":[],"class_list":{"0":"post-8182","1":"product","2":"type-product","3":"status-publish","4":"has-post-thumbnail","6":"product_cat-home","7":"product_cat-uncategorized","9":"first","10":"instock","11":"sale","12":"taxable","13":"shipping-taxable","14":"purchasable","15":"product-type-simple"},"acf":[],"_links":{"self":[{"href":"https:\/\/linoexpress.com\/ro\/wp-json\/wp\/v2\/product\/8182","targetHints":{"allow":["GET"]}}],"collection":[{"href":"https:\/\/linoexpress.com\/ro\/wp-json\/wp\/v2\/product"}],"about":[{"href":"https:\/\/linoexpress.com\/ro\/wp-json\/wp\/v2\/types\/product"}],"replies":[{"embeddable":true,"href":"https:\/\/linoexpress.com\/ro\/wp-json\/wp\/v2\/comments?post=8182"}],"wp:featuredmedia":[{"embeddable":true,"href":"https:\/\/linoexpress.com\/ro\/wp-json\/wp\/v2\/media\/8187"}],"wp:attachment":[{"href":"https:\/\/linoexpress.com\/ro\/wp-json\/wp\/v2\/media?parent=8182"}],"wp:term":[{"taxonomy":"product_brand","embeddable":true,"href":"https:\/\/linoexpress.com\/ro\/wp-json\/wp\/v2\/product_brand?post=8182"},{"taxonomy":"product_cat","embeddable":true,"href":"https:\/\/linoexpress.com\/ro\/wp-json\/wp\/v2\/product_cat?post=8182"},{"taxonomy":"product_tag","embeddable":true,"href":"https:\/\/linoexpress.com\/ro\/wp-json\/wp\/v2\/product_tag?post=8182"}],"curies":[{"name":"wp","href":"https:\/\/api.w.org\/{rel}","templated":true}]}}