{"id":8393,"date":"2022-11-17T10:06:11","date_gmt":"2022-11-17T09:06:11","guid":{"rendered":"https:\/\/linoexpress.com\/ro\/?post_type=product&#038;p=8393"},"modified":"2025-10-07T10:09:07","modified_gmt":"2025-10-07T08:09:07","slug":"carti-ilustrate-3d-de-basme","status":"publish","type":"product","link":"https:\/\/linoexpress.com\/ro\/produs\/carti-ilustrate-3d-de-basme\/","title":{"rendered":"C\u0103r\u021bi ilustrate 3D de basme"},"content":{"rendered":"","protected":false},"excerpt":{"rendered":"<p>C\u0103r\u021bile ilustrate 3D de \u00eenalt\u0103 calitate cu basme preferate v\u0103 vor \u00eenc\u00e2nta copiii \u0219i \u00eei vor relaxa. L\u0103sa\u021bi imagina\u021bia copiilor s\u0103 ating\u0103 apogeul cu aceste basme grozave.<\/p>\n","protected":false},"featured_media":8401,"comment_status":"closed","ping_status":"closed","template":"","meta":{"inline_featured_image":false},"product_brand":[],"product_cat":[27,15,35],"product_tag":[],"class_list":{"0":"post-8393","1":"product","2":"type-product","3":"status-publish","4":"has-post-thumbnail","6":"product_cat-home","7":"product_cat-uncategorized","8":"product_cat-fun","10":"first","11":"instock","12":"sale","13":"taxable","14":"shipping-taxable","15":"purchasable","16":"product-type-simple"},"acf":[],"_links":{"self":[{"href":"https:\/\/linoexpress.com\/ro\/wp-json\/wp\/v2\/product\/8393","targetHints":{"allow":["GET"]}}],"collection":[{"href":"https:\/\/linoexpress.com\/ro\/wp-json\/wp\/v2\/product"}],"about":[{"href":"https:\/\/linoexpress.com\/ro\/wp-json\/wp\/v2\/types\/product"}],"replies":[{"embeddable":true,"href":"https:\/\/linoexpress.com\/ro\/wp-json\/wp\/v2\/comments?post=8393"}],"wp:featuredmedia":[{"embeddable":true,"href":"https:\/\/linoexpress.com\/ro\/wp-json\/wp\/v2\/media\/8401"}],"wp:attachment":[{"href":"https:\/\/linoexpress.com\/ro\/wp-json\/wp\/v2\/media?parent=8393"}],"wp:term":[{"taxonomy":"product_brand","embeddable":true,"href":"https:\/\/linoexpress.com\/ro\/wp-json\/wp\/v2\/product_brand?post=8393"},{"taxonomy":"product_cat","embeddable":true,"href":"https:\/\/linoexpress.com\/ro\/wp-json\/wp\/v2\/product_cat?post=8393"},{"taxonomy":"product_tag","embeddable":true,"href":"https:\/\/linoexpress.com\/ro\/wp-json\/wp\/v2\/product_tag?post=8393"}],"curies":[{"name":"wp","href":"https:\/\/api.w.org\/{rel}","templated":true}]}}