{"id":8663,"date":"2022-11-24T08:41:50","date_gmt":"2022-11-24T07:41:50","guid":{"rendered":"https:\/\/linoexpress.com\/ro\/?post_type=product&#038;p=8663"},"modified":"2023-05-11T12:11:30","modified_gmt":"2023-05-11T10:11:30","slug":"11-gratis-decor-cu-lumina-led-pe-telecomanda-ledlight","status":"publish","type":"product","link":"https:\/\/linoexpress.com\/ro\/produs\/11-gratis-decor-cu-lumina-led-pe-telecomanda-ledlight\/","title":{"rendered":"1+1 GRATIS Decor cu lumin\u0103 led pe telecomand\u0103  &#8211; Ledlight"},"content":{"rendered":"","protected":false},"excerpt":{"rendered":"<p>Luminile LED decorative perfecte pe telecomand\u0103 prin intermediul smartphoneurilor vor crea atmosfera perfect\u0103 \u00een timpul s\u0103rb\u0103torilor, a Anului Nou \u0219i Cr\u0103ciunului, calitatea cu efectul varia\u021biilor colorate creeaz\u0103 o atmosfer\u0103 \u0219i o stare de spirit neobi\u0219nuit\u0103.<\/p>\n","protected":false},"featured_media":11977,"comment_status":"closed","ping_status":"closed","template":"","meta":{"inline_featured_image":false},"product_brand":[],"product_cat":[27,24,15],"product_tag":[],"class_list":{"0":"post-8663","1":"product","2":"type-product","3":"status-publish","4":"has-post-thumbnail","6":"product_cat-home","7":"product_cat-sale","8":"product_cat-uncategorized","10":"first","11":"instock","12":"sale","13":"taxable","14":"shipping-taxable","15":"purchasable","16":"product-type-simple"},"acf":[],"_links":{"self":[{"href":"https:\/\/linoexpress.com\/ro\/wp-json\/wp\/v2\/product\/8663","targetHints":{"allow":["GET"]}}],"collection":[{"href":"https:\/\/linoexpress.com\/ro\/wp-json\/wp\/v2\/product"}],"about":[{"href":"https:\/\/linoexpress.com\/ro\/wp-json\/wp\/v2\/types\/product"}],"replies":[{"embeddable":true,"href":"https:\/\/linoexpress.com\/ro\/wp-json\/wp\/v2\/comments?post=8663"}],"wp:featuredmedia":[{"embeddable":true,"href":"https:\/\/linoexpress.com\/ro\/wp-json\/wp\/v2\/media\/11977"}],"wp:attachment":[{"href":"https:\/\/linoexpress.com\/ro\/wp-json\/wp\/v2\/media?parent=8663"}],"wp:term":[{"taxonomy":"product_brand","embeddable":true,"href":"https:\/\/linoexpress.com\/ro\/wp-json\/wp\/v2\/product_brand?post=8663"},{"taxonomy":"product_cat","embeddable":true,"href":"https:\/\/linoexpress.com\/ro\/wp-json\/wp\/v2\/product_cat?post=8663"},{"taxonomy":"product_tag","embeddable":true,"href":"https:\/\/linoexpress.com\/ro\/wp-json\/wp\/v2\/product_tag?post=8663"}],"curies":[{"name":"wp","href":"https:\/\/api.w.org\/{rel}","templated":true}]}}