{"id":12131,"date":"2021-04-09T14:37:09","date_gmt":"2021-04-09T12:37:09","guid":{"rendered":"https:\/\/shopium.eu\/rs\/?post_type=product&#038;p=12131"},"modified":"2021-04-09T14:38:29","modified_gmt":"2021-04-09T12:38:29","slug":"profesionalni-3u1-endoskop-za-ciscenje-uha-proendoscope","status":"publish","type":"product","link":"https:\/\/linoexpress.com\/rs\/proizvod\/profesionalni-3u1-endoskop-za-ciscenje-uha-proendoscope\/","title":{"rendered":"Profesionalni 3u1 endoskop za \u010di\u0161\u0107enje uha &#8211; ProEndoscope"},"content":{"rendered":"<p>Inovativni endoskop sa kamerom i led svetlom kojim \u0107ete u potpunosti da se re\u0161ite vi\u0161ka u\u0161ne smole i ne\u010disto\u0107a koje su se godinama nakupljale! Potpuno univerzalan i kompatibilan sa svim vrstama smart ure\u0111aja.<\/p>\n","protected":false},"excerpt":{"rendered":"<p>Inovativni endoskop sa kamerom i led svetlom kojim \u0107ete u potpunosti da se re\u0161ite vi\u0161ka u\u0161ne smole i ne\u010disto\u0107a koje su se godinama nakupljale! Potpuno univerzalan i kompatibilan sa svim vrstama smart ure\u0111aja.<\/p>\n","protected":false},"featured_media":484,"comment_status":"closed","ping_status":"closed","template":"","meta":{"inline_featured_image":false},"product_brand":[],"product_cat":[15],"product_tag":[],"class_list":{"0":"post-12131","1":"product","2":"type-product","3":"status-publish","4":"has-post-thumbnail","6":"product_cat-uncategorized","8":"first","9":"instock","10":"sale","11":"shipping-taxable","12":"purchasable","13":"product-type-simple"},"acf":[],"_links":{"self":[{"href":"https:\/\/linoexpress.com\/rs\/wp-json\/wp\/v2\/product\/12131","targetHints":{"allow":["GET"]}}],"collection":[{"href":"https:\/\/linoexpress.com\/rs\/wp-json\/wp\/v2\/product"}],"about":[{"href":"https:\/\/linoexpress.com\/rs\/wp-json\/wp\/v2\/types\/product"}],"replies":[{"embeddable":true,"href":"https:\/\/linoexpress.com\/rs\/wp-json\/wp\/v2\/comments?post=12131"}],"wp:featuredmedia":[{"embeddable":true,"href":"https:\/\/linoexpress.com\/rs\/wp-json\/wp\/v2\/media\/484"}],"wp:attachment":[{"href":"https:\/\/linoexpress.com\/rs\/wp-json\/wp\/v2\/media?parent=12131"}],"wp:term":[{"taxonomy":"product_brand","embeddable":true,"href":"https:\/\/linoexpress.com\/rs\/wp-json\/wp\/v2\/product_brand?post=12131"},{"taxonomy":"product_cat","embeddable":true,"href":"https:\/\/linoexpress.com\/rs\/wp-json\/wp\/v2\/product_cat?post=12131"},{"taxonomy":"product_tag","embeddable":true,"href":"https:\/\/linoexpress.com\/rs\/wp-json\/wp\/v2\/product_tag?post=12131"}],"curies":[{"name":"wp","href":"https:\/\/api.w.org\/{rel}","templated":true}]}}