{"id":12147,"date":"2021-04-09T15:51:44","date_gmt":"2021-04-09T13:51:44","guid":{"rendered":"https:\/\/shopium.eu\/rs\/?post_type=product&#038;p=12147"},"modified":"2024-06-21T14:37:33","modified_gmt":"2024-06-21T12:37:33","slug":"automatski-nosac-za-pecanje-fishbracket","status":"publish","type":"product","link":"https:\/\/linoexpress.com\/rs\/proizvod\/automatski-nosac-za-pecanje-fishbracket\/","title":{"rendered":"Automatski nosa\u010d za pecanje &#8211; FishBracket"},"content":{"rendered":"","protected":false},"excerpt":{"rendered":"<p>FishBracket je sklopivi i automatski okida\u010d za pecanje koji se aktivira u trenutku kada riba zagrize mamac te amortizacionom silom omogu\u0107ava udici da dublje prodre i omogu\u0107i siguran ulov.<\/p>\n","protected":false},"featured_media":2761,"comment_status":"closed","ping_status":"closed","template":"","meta":{"inline_featured_image":false},"product_brand":[],"product_cat":[15],"product_tag":[],"class_list":{"0":"post-12147","1":"product","2":"type-product","3":"status-publish","4":"has-post-thumbnail","6":"product_cat-uncategorized","8":"first","9":"instock","10":"sale","11":"shipping-taxable","12":"purchasable","13":"product-type-simple"},"acf":[],"_links":{"self":[{"href":"https:\/\/linoexpress.com\/rs\/wp-json\/wp\/v2\/product\/12147","targetHints":{"allow":["GET"]}}],"collection":[{"href":"https:\/\/linoexpress.com\/rs\/wp-json\/wp\/v2\/product"}],"about":[{"href":"https:\/\/linoexpress.com\/rs\/wp-json\/wp\/v2\/types\/product"}],"replies":[{"embeddable":true,"href":"https:\/\/linoexpress.com\/rs\/wp-json\/wp\/v2\/comments?post=12147"}],"wp:featuredmedia":[{"embeddable":true,"href":"https:\/\/linoexpress.com\/rs\/wp-json\/wp\/v2\/media\/2761"}],"wp:attachment":[{"href":"https:\/\/linoexpress.com\/rs\/wp-json\/wp\/v2\/media?parent=12147"}],"wp:term":[{"taxonomy":"product_brand","embeddable":true,"href":"https:\/\/linoexpress.com\/rs\/wp-json\/wp\/v2\/product_brand?post=12147"},{"taxonomy":"product_cat","embeddable":true,"href":"https:\/\/linoexpress.com\/rs\/wp-json\/wp\/v2\/product_cat?post=12147"},{"taxonomy":"product_tag","embeddable":true,"href":"https:\/\/linoexpress.com\/rs\/wp-json\/wp\/v2\/product_tag?post=12147"}],"curies":[{"name":"wp","href":"https:\/\/api.w.org\/{rel}","templated":true}]}}