{"id":15612,"date":"2022-09-22T12:50:51","date_gmt":"2022-09-22T10:50:51","guid":{"rendered":"https:\/\/linoexpress.com\/rs\/?post_type=product&#038;p=15612"},"modified":"2023-07-02T12:27:02","modified_gmt":"2023-07-02T10:27:02","slug":"3d-slikovnice-bajke","status":"publish","type":"product","link":"https:\/\/linoexpress.com\/rs\/proizvod\/3d-slikovnice-bajke\/","title":{"rendered":"3D slikovnice bajke"},"content":{"rendered":"","protected":false},"excerpt":{"rendered":"<p>Visokokvalitetne 3D slikovnice sa najdra\u017eim bajkama obradova\u0107e va\u0161u decu i relaksirati ih. Neka ma\u0161ta dece bude na vrhuncu sa ovim sjajnim bajkama.<\/p>\n","protected":false},"featured_media":15616,"comment_status":"closed","ping_status":"closed","template":"","meta":{"inline_featured_image":false},"product_brand":[],"product_cat":[15],"product_tag":[],"class_list":{"0":"post-15612","1":"product","2":"type-product","3":"status-publish","4":"has-post-thumbnail","6":"product_cat-uncategorized","8":"first","9":"instock","10":"sale","11":"shipping-taxable","12":"purchasable","13":"product-type-variable"},"acf":[],"_links":{"self":[{"href":"https:\/\/linoexpress.com\/rs\/wp-json\/wp\/v2\/product\/15612","targetHints":{"allow":["GET"]}}],"collection":[{"href":"https:\/\/linoexpress.com\/rs\/wp-json\/wp\/v2\/product"}],"about":[{"href":"https:\/\/linoexpress.com\/rs\/wp-json\/wp\/v2\/types\/product"}],"replies":[{"embeddable":true,"href":"https:\/\/linoexpress.com\/rs\/wp-json\/wp\/v2\/comments?post=15612"}],"wp:featuredmedia":[{"embeddable":true,"href":"https:\/\/linoexpress.com\/rs\/wp-json\/wp\/v2\/media\/15616"}],"wp:attachment":[{"href":"https:\/\/linoexpress.com\/rs\/wp-json\/wp\/v2\/media?parent=15612"}],"wp:term":[{"taxonomy":"product_brand","embeddable":true,"href":"https:\/\/linoexpress.com\/rs\/wp-json\/wp\/v2\/product_brand?post=15612"},{"taxonomy":"product_cat","embeddable":true,"href":"https:\/\/linoexpress.com\/rs\/wp-json\/wp\/v2\/product_cat?post=15612"},{"taxonomy":"product_tag","embeddable":true,"href":"https:\/\/linoexpress.com\/rs\/wp-json\/wp\/v2\/product_tag?post=15612"}],"curies":[{"name":"wp","href":"https:\/\/api.w.org\/{rel}","templated":true}]}}