{"id":15729,"date":"2022-09-30T15:47:30","date_gmt":"2022-09-30T13:47:30","guid":{"rendered":"https:\/\/linoexpress.com\/rs\/?post_type=product&#038;p=15729"},"modified":"2025-11-11T11:41:05","modified_gmt":"2025-11-11T10:41:05","slug":"4-u-1-rucni-elektricni-set-za-rezanje-povrca","status":"publish","type":"product","link":"https:\/\/linoexpress.com\/rs\/proizvod\/4-u-1-rucni-elektricni-set-za-rezanje-povrca\/","title":{"rendered":"4 u 1 ru\u010dni elektri\u010dni set za rezanje povr\u0107a"},"content":{"rendered":"","protected":false},"excerpt":{"rendered":"<p>Multifunkcionalni 4 u 1 set za rezanje vo\u0107a , povr\u0107a, elektri\u010dna \u010detka ili ma\u0161ina za mlevenje mesa. Sa samo jednim proizvodom mo\u017eete da radite na vi\u0161e razli\u010ditih na\u010dina.<\/p>\n","protected":false},"featured_media":15737,"comment_status":"closed","ping_status":"closed","template":"","meta":{"inline_featured_image":false},"product_brand":[],"product_cat":[15,35],"product_tag":[],"class_list":{"0":"post-15729","1":"product","2":"type-product","3":"status-publish","4":"has-post-thumbnail","6":"product_cat-uncategorized","7":"product_cat-fun","9":"first","10":"instock","11":"sale","12":"shipping-taxable","13":"purchasable","14":"product-type-simple"},"acf":[],"_links":{"self":[{"href":"https:\/\/linoexpress.com\/rs\/wp-json\/wp\/v2\/product\/15729","targetHints":{"allow":["GET"]}}],"collection":[{"href":"https:\/\/linoexpress.com\/rs\/wp-json\/wp\/v2\/product"}],"about":[{"href":"https:\/\/linoexpress.com\/rs\/wp-json\/wp\/v2\/types\/product"}],"replies":[{"embeddable":true,"href":"https:\/\/linoexpress.com\/rs\/wp-json\/wp\/v2\/comments?post=15729"}],"wp:featuredmedia":[{"embeddable":true,"href":"https:\/\/linoexpress.com\/rs\/wp-json\/wp\/v2\/media\/15737"}],"wp:attachment":[{"href":"https:\/\/linoexpress.com\/rs\/wp-json\/wp\/v2\/media?parent=15729"}],"wp:term":[{"taxonomy":"product_brand","embeddable":true,"href":"https:\/\/linoexpress.com\/rs\/wp-json\/wp\/v2\/product_brand?post=15729"},{"taxonomy":"product_cat","embeddable":true,"href":"https:\/\/linoexpress.com\/rs\/wp-json\/wp\/v2\/product_cat?post=15729"},{"taxonomy":"product_tag","embeddable":true,"href":"https:\/\/linoexpress.com\/rs\/wp-json\/wp\/v2\/product_tag?post=15729"}],"curies":[{"name":"wp","href":"https:\/\/api.w.org\/{rel}","templated":true}]}}