{"id":15784,"date":"2022-10-03T14:29:47","date_gmt":"2022-10-03T12:29:47","guid":{"rendered":"https:\/\/linoexpress.com\/rs\/?post_type=product&#038;p=15784"},"modified":"2023-07-09T11:14:28","modified_gmt":"2023-07-09T09:14:28","slug":"magicne-radne-sveske-za-decu","status":"publish","type":"product","link":"https:\/\/linoexpress.com\/rs\/proizvod\/magicne-radne-sveske-za-decu\/","title":{"rendered":"Magi\u010dne radne sveske za decu"},"content":{"rendered":"","protected":false},"excerpt":{"rendered":"<p>Omogu\u0107ite va\u0161oj deci usavr\u0161avanje pokreta i oblika, crtanja i pisanja uz ovu zabavnu radnu svesku. Pripremite dete za \u0161kolu i olak\u0161ajte mu po\u010detak. Neka deca razviju svoju preciznost uz ovu edukativnu radnu svesku.<\/p>\n","protected":false},"featured_media":15789,"comment_status":"closed","ping_status":"closed","template":"","meta":{"inline_featured_image":false},"product_brand":[],"product_cat":[15,35],"product_tag":[],"class_list":{"0":"post-15784","1":"product","2":"type-product","3":"status-publish","4":"has-post-thumbnail","6":"product_cat-uncategorized","7":"product_cat-fun","9":"first","10":"instock","11":"sale","12":"shipping-taxable","13":"purchasable","14":"product-type-simple"},"acf":[],"_links":{"self":[{"href":"https:\/\/linoexpress.com\/rs\/wp-json\/wp\/v2\/product\/15784","targetHints":{"allow":["GET"]}}],"collection":[{"href":"https:\/\/linoexpress.com\/rs\/wp-json\/wp\/v2\/product"}],"about":[{"href":"https:\/\/linoexpress.com\/rs\/wp-json\/wp\/v2\/types\/product"}],"replies":[{"embeddable":true,"href":"https:\/\/linoexpress.com\/rs\/wp-json\/wp\/v2\/comments?post=15784"}],"wp:featuredmedia":[{"embeddable":true,"href":"https:\/\/linoexpress.com\/rs\/wp-json\/wp\/v2\/media\/15789"}],"wp:attachment":[{"href":"https:\/\/linoexpress.com\/rs\/wp-json\/wp\/v2\/media?parent=15784"}],"wp:term":[{"taxonomy":"product_brand","embeddable":true,"href":"https:\/\/linoexpress.com\/rs\/wp-json\/wp\/v2\/product_brand?post=15784"},{"taxonomy":"product_cat","embeddable":true,"href":"https:\/\/linoexpress.com\/rs\/wp-json\/wp\/v2\/product_cat?post=15784"},{"taxonomy":"product_tag","embeddable":true,"href":"https:\/\/linoexpress.com\/rs\/wp-json\/wp\/v2\/product_tag?post=15784"}],"curies":[{"name":"wp","href":"https:\/\/api.w.org\/{rel}","templated":true}]}}