{"id":16021,"date":"2022-10-10T13:49:32","date_gmt":"2022-10-10T11:49:32","guid":{"rendered":"https:\/\/linoexpress.com\/rs\/?post_type=product&#038;p=16021"},"modified":"2025-11-11T11:42:22","modified_gmt":"2025-11-11T10:42:22","slug":"pecati-za-ucenje-zbrajanja-i-oduzimanja","status":"publish","type":"product","link":"https:\/\/linoexpress.com\/rs\/proizvod\/pecati-za-ucenje-zbrajanja-i-oduzimanja\/","title":{"rendered":"Pe\u010dati za u\u010denje zbrajanja i oduzimanja"},"content":{"rendered":"","protected":false},"excerpt":{"rendered":"<p>Olak\u0161ajte ve\u017ebanje matemati\u010dkih radnji va\u0161oj deci. Pe\u010dati imaju modele sabiranja , oduzimanja , mno\u017eenja i deljenja. Uredno i lako pripremite va\u0161u decu za \u0161kolu.<\/p>\n","protected":false},"featured_media":16027,"comment_status":"closed","ping_status":"closed","template":"","meta":{"inline_featured_image":false},"product_brand":[],"product_cat":[15,35],"product_tag":[],"class_list":{"0":"post-16021","1":"product","2":"type-product","3":"status-publish","4":"has-post-thumbnail","6":"product_cat-uncategorized","7":"product_cat-fun","9":"first","10":"instock","11":"sale","12":"shipping-taxable","13":"purchasable","14":"product-type-simple"},"acf":[],"_links":{"self":[{"href":"https:\/\/linoexpress.com\/rs\/wp-json\/wp\/v2\/product\/16021","targetHints":{"allow":["GET"]}}],"collection":[{"href":"https:\/\/linoexpress.com\/rs\/wp-json\/wp\/v2\/product"}],"about":[{"href":"https:\/\/linoexpress.com\/rs\/wp-json\/wp\/v2\/types\/product"}],"replies":[{"embeddable":true,"href":"https:\/\/linoexpress.com\/rs\/wp-json\/wp\/v2\/comments?post=16021"}],"wp:featuredmedia":[{"embeddable":true,"href":"https:\/\/linoexpress.com\/rs\/wp-json\/wp\/v2\/media\/16027"}],"wp:attachment":[{"href":"https:\/\/linoexpress.com\/rs\/wp-json\/wp\/v2\/media?parent=16021"}],"wp:term":[{"taxonomy":"product_brand","embeddable":true,"href":"https:\/\/linoexpress.com\/rs\/wp-json\/wp\/v2\/product_brand?post=16021"},{"taxonomy":"product_cat","embeddable":true,"href":"https:\/\/linoexpress.com\/rs\/wp-json\/wp\/v2\/product_cat?post=16021"},{"taxonomy":"product_tag","embeddable":true,"href":"https:\/\/linoexpress.com\/rs\/wp-json\/wp\/v2\/product_tag?post=16021"}],"curies":[{"name":"wp","href":"https:\/\/api.w.org\/{rel}","templated":true}]}}