{"id":16175,"date":"2022-10-11T13:01:06","date_gmt":"2022-10-11T11:01:06","guid":{"rendered":"https:\/\/linoexpress.com\/rs\/?post_type=product&#038;p=16175"},"modified":"2023-05-03T15:10:24","modified_gmt":"2023-05-03T13:10:24","slug":"visenamenski-instant-lepak","status":"publish","type":"product","link":"https:\/\/linoexpress.com\/rs\/proizvod\/visenamenski-instant-lepak\/","title":{"rendered":"Vi\u0161enamenski instant lepak"},"content":{"rendered":"","protected":false},"excerpt":{"rendered":"<p>Vodootporno vi\u0161enamensko instant lepilo koji \u0107e vam u trenutku omogu\u0107iti popravku raznih te\u0161ko prijanjaju\u0107ih povr\u0161ina. Potpuno univerzlano sa efektom stvaranja nevidljive i fleksibilne mase za razli\u010dite vrste materijala.<\/p>\n","protected":false},"featured_media":16177,"comment_status":"closed","ping_status":"closed","template":"","meta":{"inline_featured_image":false},"product_brand":[],"product_cat":[25,27,15],"product_tag":[],"class_list":{"0":"post-16175","1":"product","2":"type-product","3":"status-publish","4":"has-post-thumbnail","6":"product_cat-car","7":"product_cat-home","8":"product_cat-uncategorized","10":"first","11":"instock","12":"sale","13":"shipping-taxable","14":"purchasable","15":"product-type-simple"},"acf":[],"_links":{"self":[{"href":"https:\/\/linoexpress.com\/rs\/wp-json\/wp\/v2\/product\/16175","targetHints":{"allow":["GET"]}}],"collection":[{"href":"https:\/\/linoexpress.com\/rs\/wp-json\/wp\/v2\/product"}],"about":[{"href":"https:\/\/linoexpress.com\/rs\/wp-json\/wp\/v2\/types\/product"}],"replies":[{"embeddable":true,"href":"https:\/\/linoexpress.com\/rs\/wp-json\/wp\/v2\/comments?post=16175"}],"wp:featuredmedia":[{"embeddable":true,"href":"https:\/\/linoexpress.com\/rs\/wp-json\/wp\/v2\/media\/16177"}],"wp:attachment":[{"href":"https:\/\/linoexpress.com\/rs\/wp-json\/wp\/v2\/media?parent=16175"}],"wp:term":[{"taxonomy":"product_brand","embeddable":true,"href":"https:\/\/linoexpress.com\/rs\/wp-json\/wp\/v2\/product_brand?post=16175"},{"taxonomy":"product_cat","embeddable":true,"href":"https:\/\/linoexpress.com\/rs\/wp-json\/wp\/v2\/product_cat?post=16175"},{"taxonomy":"product_tag","embeddable":true,"href":"https:\/\/linoexpress.com\/rs\/wp-json\/wp\/v2\/product_tag?post=16175"}],"curies":[{"name":"wp","href":"https:\/\/api.w.org\/{rel}","templated":true}]}}