{"id":16209,"date":"2022-10-11T14:45:33","date_gmt":"2022-10-11T12:45:33","guid":{"rendered":"https:\/\/linoexpress.com\/rs\/?post_type=product&#038;p=16209"},"modified":"2024-07-14T11:23:05","modified_gmt":"2024-07-14T09:23:05","slug":"gel-za-ciscenje-i-izbeljivanje-obuce","status":"publish","type":"product","link":"https:\/\/linoexpress.com\/rs\/proizvod\/gel-za-ciscenje-i-izbeljivanje-obuce\/","title":{"rendered":"Gel za \u010di\u0161\u0107enje i izbeljivanje obu\u0107e"},"content":{"rendered":"","protected":false},"excerpt":{"rendered":"<p>Otklonite ne\u0107isto\u0107e i \u017eute fleke od stajanja sa ovim fenomenalnim gelom za izbeljivanje i \u010di\u0161\u0107enje!<\/p>\n","protected":false},"featured_media":16212,"comment_status":"closed","ping_status":"closed","template":"","meta":{"inline_featured_image":false},"product_brand":[],"product_cat":[28,15],"product_tag":[],"class_list":{"0":"post-16209","1":"product","2":"type-product","3":"status-publish","4":"has-post-thumbnail","6":"product_cat-beauty","7":"product_cat-uncategorized","9":"first","10":"instock","11":"sale","12":"shipping-taxable","13":"purchasable","14":"product-type-simple"},"acf":[],"_links":{"self":[{"href":"https:\/\/linoexpress.com\/rs\/wp-json\/wp\/v2\/product\/16209","targetHints":{"allow":["GET"]}}],"collection":[{"href":"https:\/\/linoexpress.com\/rs\/wp-json\/wp\/v2\/product"}],"about":[{"href":"https:\/\/linoexpress.com\/rs\/wp-json\/wp\/v2\/types\/product"}],"replies":[{"embeddable":true,"href":"https:\/\/linoexpress.com\/rs\/wp-json\/wp\/v2\/comments?post=16209"}],"wp:featuredmedia":[{"embeddable":true,"href":"https:\/\/linoexpress.com\/rs\/wp-json\/wp\/v2\/media\/16212"}],"wp:attachment":[{"href":"https:\/\/linoexpress.com\/rs\/wp-json\/wp\/v2\/media?parent=16209"}],"wp:term":[{"taxonomy":"product_brand","embeddable":true,"href":"https:\/\/linoexpress.com\/rs\/wp-json\/wp\/v2\/product_brand?post=16209"},{"taxonomy":"product_cat","embeddable":true,"href":"https:\/\/linoexpress.com\/rs\/wp-json\/wp\/v2\/product_cat?post=16209"},{"taxonomy":"product_tag","embeddable":true,"href":"https:\/\/linoexpress.com\/rs\/wp-json\/wp\/v2\/product_tag?post=16209"}],"curies":[{"name":"wp","href":"https:\/\/api.w.org\/{rel}","templated":true}]}}