{"id":16539,"date":"2022-10-21T15:29:30","date_gmt":"2022-10-21T13:29:30","guid":{"rendered":"https:\/\/linoexpress.com\/rs\/?post_type=product&#038;p=16539"},"modified":"2025-10-06T16:03:02","modified_gmt":"2025-10-06T14:03:02","slug":"3d-slikovnice-bajke-2","status":"publish","type":"product","link":"https:\/\/linoexpress.com\/rs\/proizvod\/3d-slikovnice-bajke-2\/","title":{"rendered":"3D slikovnice bajke"},"content":{"rendered":"","protected":false},"excerpt":{"rendered":"<p>Visokokvalitetne 3D slikovnice sa najdra\u017eim bajkama obradova\u0107e va\u0161u decu i relaksirati ih. Neka ma\u0161ta dece bude na vrhuncu sa ovim sjajnim bajkama.<\/p>\n","protected":false},"featured_media":21000,"comment_status":"closed","ping_status":"closed","template":"","meta":{"inline_featured_image":false},"product_brand":[],"product_cat":[15,35],"product_tag":[],"class_list":{"0":"post-16539","1":"product","2":"type-product","3":"status-publish","4":"has-post-thumbnail","6":"product_cat-uncategorized","7":"product_cat-fun","9":"first","10":"instock","11":"sale","12":"shipping-taxable","13":"purchasable","14":"product-type-simple"},"acf":[],"_links":{"self":[{"href":"https:\/\/linoexpress.com\/rs\/wp-json\/wp\/v2\/product\/16539","targetHints":{"allow":["GET"]}}],"collection":[{"href":"https:\/\/linoexpress.com\/rs\/wp-json\/wp\/v2\/product"}],"about":[{"href":"https:\/\/linoexpress.com\/rs\/wp-json\/wp\/v2\/types\/product"}],"replies":[{"embeddable":true,"href":"https:\/\/linoexpress.com\/rs\/wp-json\/wp\/v2\/comments?post=16539"}],"wp:featuredmedia":[{"embeddable":true,"href":"https:\/\/linoexpress.com\/rs\/wp-json\/wp\/v2\/media\/21000"}],"wp:attachment":[{"href":"https:\/\/linoexpress.com\/rs\/wp-json\/wp\/v2\/media?parent=16539"}],"wp:term":[{"taxonomy":"product_brand","embeddable":true,"href":"https:\/\/linoexpress.com\/rs\/wp-json\/wp\/v2\/product_brand?post=16539"},{"taxonomy":"product_cat","embeddable":true,"href":"https:\/\/linoexpress.com\/rs\/wp-json\/wp\/v2\/product_cat?post=16539"},{"taxonomy":"product_tag","embeddable":true,"href":"https:\/\/linoexpress.com\/rs\/wp-json\/wp\/v2\/product_tag?post=16539"}],"curies":[{"name":"wp","href":"https:\/\/api.w.org\/{rel}","templated":true}]}}