{"id":19107,"date":"2022-12-05T10:13:27","date_gmt":"2022-12-05T09:13:27","guid":{"rendered":"https:\/\/linoexpress.com\/rs\/?post_type=product&#038;p=19107"},"modified":"2024-06-29T13:22:18","modified_gmt":"2024-06-29T11:22:18","slug":"2-u-1-transformacijski-kamion","status":"publish","type":"product","link":"https:\/\/linoexpress.com\/rs\/proizvod\/2-u-1-transformacijski-kamion\/","title":{"rendered":"2 u 1 Transformacijski kamion"},"content":{"rendered":"","protected":false},"excerpt":{"rendered":"<p>Mega kamion za auti\u0107e sa skrivenim stazama za auti\u0107e savr\u0161ena je igra\u010dka za va\u0161e najmilije. Savr\u0161ena igra\u010dka za de\u010dake u svim prilikama.<\/p>\n","protected":false},"featured_media":19110,"comment_status":"closed","ping_status":"closed","template":"","meta":{"inline_featured_image":false},"product_brand":[],"product_cat":[15],"product_tag":[],"class_list":{"0":"post-19107","1":"product","2":"type-product","3":"status-publish","4":"has-post-thumbnail","6":"product_cat-uncategorized","8":"first","9":"instock","10":"sale","11":"shipping-taxable","12":"purchasable","13":"product-type-simple"},"acf":[],"_links":{"self":[{"href":"https:\/\/linoexpress.com\/rs\/wp-json\/wp\/v2\/product\/19107","targetHints":{"allow":["GET"]}}],"collection":[{"href":"https:\/\/linoexpress.com\/rs\/wp-json\/wp\/v2\/product"}],"about":[{"href":"https:\/\/linoexpress.com\/rs\/wp-json\/wp\/v2\/types\/product"}],"replies":[{"embeddable":true,"href":"https:\/\/linoexpress.com\/rs\/wp-json\/wp\/v2\/comments?post=19107"}],"wp:featuredmedia":[{"embeddable":true,"href":"https:\/\/linoexpress.com\/rs\/wp-json\/wp\/v2\/media\/19110"}],"wp:attachment":[{"href":"https:\/\/linoexpress.com\/rs\/wp-json\/wp\/v2\/media?parent=19107"}],"wp:term":[{"taxonomy":"product_brand","embeddable":true,"href":"https:\/\/linoexpress.com\/rs\/wp-json\/wp\/v2\/product_brand?post=19107"},{"taxonomy":"product_cat","embeddable":true,"href":"https:\/\/linoexpress.com\/rs\/wp-json\/wp\/v2\/product_cat?post=19107"},{"taxonomy":"product_tag","embeddable":true,"href":"https:\/\/linoexpress.com\/rs\/wp-json\/wp\/v2\/product_tag?post=19107"}],"curies":[{"name":"wp","href":"https:\/\/api.w.org\/{rel}","templated":true}]}}