{"id":19855,"date":"2022-12-13T08:41:45","date_gmt":"2022-12-13T07:41:45","guid":{"rendered":"https:\/\/linoexpress.com\/rs\/?post_type=product&#038;p=19855"},"modified":"2023-07-09T11:15:12","modified_gmt":"2023-07-09T09:15:12","slug":"elektricni-aparat-za-brijanje","status":"publish","type":"product","link":"https:\/\/linoexpress.com\/rs\/proizvod\/elektricni-aparat-za-brijanje\/","title":{"rendered":"Elektri\u010dni aparat za brijanje"},"content":{"rendered":"","protected":false},"excerpt":{"rendered":"<p>Najbolji elektri\u010dni brija\u010d namenjen mu\u0161karcima koji \u0107ete prona\u0107i na tr\u017ei\u0161tu. Odlikuju ga visokokvalitetne kerami\u010dke o\u0161trice za precizno brijanje bez obzira na smer, ergonomski dizajnirana ru\u010dka i mogu\u0107nost prakti\u010dnog punjenja USB kablom.<\/p>\n","protected":false},"featured_media":19874,"comment_status":"closed","ping_status":"closed","template":"","meta":{"inline_featured_image":false},"product_brand":[],"product_cat":[28,15],"product_tag":[],"class_list":{"0":"post-19855","1":"product","2":"type-product","3":"status-publish","4":"has-post-thumbnail","6":"product_cat-beauty","7":"product_cat-uncategorized","9":"first","10":"instock","11":"sale","12":"shipping-taxable","13":"purchasable","14":"product-type-simple"},"acf":[],"_links":{"self":[{"href":"https:\/\/linoexpress.com\/rs\/wp-json\/wp\/v2\/product\/19855","targetHints":{"allow":["GET"]}}],"collection":[{"href":"https:\/\/linoexpress.com\/rs\/wp-json\/wp\/v2\/product"}],"about":[{"href":"https:\/\/linoexpress.com\/rs\/wp-json\/wp\/v2\/types\/product"}],"replies":[{"embeddable":true,"href":"https:\/\/linoexpress.com\/rs\/wp-json\/wp\/v2\/comments?post=19855"}],"wp:featuredmedia":[{"embeddable":true,"href":"https:\/\/linoexpress.com\/rs\/wp-json\/wp\/v2\/media\/19874"}],"wp:attachment":[{"href":"https:\/\/linoexpress.com\/rs\/wp-json\/wp\/v2\/media?parent=19855"}],"wp:term":[{"taxonomy":"product_brand","embeddable":true,"href":"https:\/\/linoexpress.com\/rs\/wp-json\/wp\/v2\/product_brand?post=19855"},{"taxonomy":"product_cat","embeddable":true,"href":"https:\/\/linoexpress.com\/rs\/wp-json\/wp\/v2\/product_cat?post=19855"},{"taxonomy":"product_tag","embeddable":true,"href":"https:\/\/linoexpress.com\/rs\/wp-json\/wp\/v2\/product_tag?post=19855"}],"curies":[{"name":"wp","href":"https:\/\/api.w.org\/{rel}","templated":true}]}}