{"id":21305,"date":"2023-01-17T11:57:21","date_gmt":"2023-01-17T10:57:21","guid":{"rendered":"https:\/\/linoexpress.com\/rs\/?post_type=product&#038;p=21305"},"modified":"2023-05-03T15:21:18","modified_gmt":"2023-05-03T13:21:18","slug":"decija-bojanka-u-rolni","status":"publish","type":"product","link":"https:\/\/linoexpress.com\/rs\/proizvod\/decija-bojanka-u-rolni\/","title":{"rendered":"De\u010dija bojanka u rolni"},"content":{"rendered":"","protected":false},"excerpt":{"rendered":"<p>Fenomenalna bojanka u rolni odli\u010dna je zabava za va\u0161u decu. Mnogo interesantnih oblika i mogu\u0107nost lakog postavljanja super \u0107e ispuniti vreme va\u0161e dece.<\/p>\n","protected":false},"featured_media":21314,"comment_status":"closed","ping_status":"closed","template":"","meta":{"inline_featured_image":false},"product_brand":[],"product_cat":[15,35],"product_tag":[],"class_list":{"0":"post-21305","1":"product","2":"type-product","3":"status-publish","4":"has-post-thumbnail","6":"product_cat-uncategorized","7":"product_cat-fun","9":"first","10":"instock","11":"sale","12":"shipping-taxable","13":"purchasable","14":"product-type-simple"},"acf":[],"_links":{"self":[{"href":"https:\/\/linoexpress.com\/rs\/wp-json\/wp\/v2\/product\/21305","targetHints":{"allow":["GET"]}}],"collection":[{"href":"https:\/\/linoexpress.com\/rs\/wp-json\/wp\/v2\/product"}],"about":[{"href":"https:\/\/linoexpress.com\/rs\/wp-json\/wp\/v2\/types\/product"}],"replies":[{"embeddable":true,"href":"https:\/\/linoexpress.com\/rs\/wp-json\/wp\/v2\/comments?post=21305"}],"wp:featuredmedia":[{"embeddable":true,"href":"https:\/\/linoexpress.com\/rs\/wp-json\/wp\/v2\/media\/21314"}],"wp:attachment":[{"href":"https:\/\/linoexpress.com\/rs\/wp-json\/wp\/v2\/media?parent=21305"}],"wp:term":[{"taxonomy":"product_brand","embeddable":true,"href":"https:\/\/linoexpress.com\/rs\/wp-json\/wp\/v2\/product_brand?post=21305"},{"taxonomy":"product_cat","embeddable":true,"href":"https:\/\/linoexpress.com\/rs\/wp-json\/wp\/v2\/product_cat?post=21305"},{"taxonomy":"product_tag","embeddable":true,"href":"https:\/\/linoexpress.com\/rs\/wp-json\/wp\/v2\/product_tag?post=21305"}],"curies":[{"name":"wp","href":"https:\/\/api.w.org\/{rel}","templated":true}]}}