{"id":21705,"date":"2023-01-24T10:07:05","date_gmt":"2023-01-24T09:07:05","guid":{"rendered":"https:\/\/linoexpress.com\/rs\/?post_type=product&#038;p=21705"},"modified":"2024-05-31T08:33:37","modified_gmt":"2024-05-31T06:33:37","slug":"spojnica-za-podmazivanje-topgreas","status":"publish","type":"product","link":"https:\/\/linoexpress.com\/rs\/proizvod\/spojnica-za-podmazivanje-topgreas\/","title":{"rendered":"Spojnica za podmazivanje &#8211; TopGreas"},"content":{"rendered":"","protected":false},"excerpt":{"rendered":"<p>Nadogradite va\u0161 pi\u0161tolj za podmazivanje sa ovim nepropusnim nastavkom. Otpustite polugu za palac i oslobotite obe ruke za upotrebu pi\u0161tolja za podmazivanje.<\/p>\n","protected":false},"featured_media":21713,"comment_status":"closed","ping_status":"closed","template":"","meta":{"inline_featured_image":false},"product_brand":[],"product_cat":[27,15],"product_tag":[],"class_list":{"0":"post-21705","1":"product","2":"type-product","3":"status-publish","4":"has-post-thumbnail","6":"product_cat-home","7":"product_cat-uncategorized","9":"first","10":"instock","11":"sale","12":"shipping-taxable","13":"purchasable","14":"product-type-simple"},"acf":[],"_links":{"self":[{"href":"https:\/\/linoexpress.com\/rs\/wp-json\/wp\/v2\/product\/21705","targetHints":{"allow":["GET"]}}],"collection":[{"href":"https:\/\/linoexpress.com\/rs\/wp-json\/wp\/v2\/product"}],"about":[{"href":"https:\/\/linoexpress.com\/rs\/wp-json\/wp\/v2\/types\/product"}],"replies":[{"embeddable":true,"href":"https:\/\/linoexpress.com\/rs\/wp-json\/wp\/v2\/comments?post=21705"}],"wp:featuredmedia":[{"embeddable":true,"href":"https:\/\/linoexpress.com\/rs\/wp-json\/wp\/v2\/media\/21713"}],"wp:attachment":[{"href":"https:\/\/linoexpress.com\/rs\/wp-json\/wp\/v2\/media?parent=21705"}],"wp:term":[{"taxonomy":"product_brand","embeddable":true,"href":"https:\/\/linoexpress.com\/rs\/wp-json\/wp\/v2\/product_brand?post=21705"},{"taxonomy":"product_cat","embeddable":true,"href":"https:\/\/linoexpress.com\/rs\/wp-json\/wp\/v2\/product_cat?post=21705"},{"taxonomy":"product_tag","embeddable":true,"href":"https:\/\/linoexpress.com\/rs\/wp-json\/wp\/v2\/product_tag?post=21705"}],"curies":[{"name":"wp","href":"https:\/\/api.w.org\/{rel}","templated":true}]}}