{"id":219,"date":"2020-11-12T07:49:31","date_gmt":"2020-11-12T06:49:31","guid":{"rendered":"https:\/\/shopium.eu\/rs\/?post_type=product&#038;p=219"},"modified":"2020-11-12T07:49:47","modified_gmt":"2020-11-12T06:49:47","slug":"losion-u-spreju-2","status":"publish","type":"product","link":"https:\/\/linoexpress.com\/rs\/proizvod\/losion-u-spreju-2\/","title":{"rendered":"Horizontal packages"},"content":{"rendered":"","protected":false},"excerpt":{"rendered":"<ul>\n<li>Super sna\u017ena i inovativna formula<\/li>\n<li>brzo i bezbolno skidanje dla\u010dica u samo nekoliko poteza<\/li>\n<li>prirodna formula omogu\u0107uje sigurno kori\u0161tenje bez iritacije ko\u017ee i alergijskih reakcija.<\/li>\n<\/ul>\n","protected":false},"featured_media":42,"comment_status":"closed","ping_status":"closed","template":"","meta":{"inline_featured_image":false},"product_brand":[],"product_cat":[15],"product_tag":[],"class_list":{"0":"post-219","1":"product","2":"type-product","3":"status-publish","4":"has-post-thumbnail","6":"product_cat-uncategorized","8":"first","9":"instock","10":"sale","11":"shipping-taxable","12":"purchasable","13":"product-type-simple"},"acf":[],"_links":{"self":[{"href":"https:\/\/linoexpress.com\/rs\/wp-json\/wp\/v2\/product\/219","targetHints":{"allow":["GET"]}}],"collection":[{"href":"https:\/\/linoexpress.com\/rs\/wp-json\/wp\/v2\/product"}],"about":[{"href":"https:\/\/linoexpress.com\/rs\/wp-json\/wp\/v2\/types\/product"}],"replies":[{"embeddable":true,"href":"https:\/\/linoexpress.com\/rs\/wp-json\/wp\/v2\/comments?post=219"}],"wp:featuredmedia":[{"embeddable":true,"href":"https:\/\/linoexpress.com\/rs\/wp-json\/wp\/v2\/media\/42"}],"wp:attachment":[{"href":"https:\/\/linoexpress.com\/rs\/wp-json\/wp\/v2\/media?parent=219"}],"wp:term":[{"taxonomy":"product_brand","embeddable":true,"href":"https:\/\/linoexpress.com\/rs\/wp-json\/wp\/v2\/product_brand?post=219"},{"taxonomy":"product_cat","embeddable":true,"href":"https:\/\/linoexpress.com\/rs\/wp-json\/wp\/v2\/product_cat?post=219"},{"taxonomy":"product_tag","embeddable":true,"href":"https:\/\/linoexpress.com\/rs\/wp-json\/wp\/v2\/product_tag?post=219"}],"curies":[{"name":"wp","href":"https:\/\/api.w.org\/{rel}","templated":true}]}}