{"id":22576,"date":"2023-02-08T14:44:58","date_gmt":"2023-02-08T13:44:58","guid":{"rendered":"https:\/\/linoexpress.com\/rs\/?post_type=product&#038;p=22576"},"modified":"2023-04-23T12:59:35","modified_gmt":"2023-04-23T10:59:35","slug":"mobilni-hard-disk-16tb","status":"publish","type":"product","link":"https:\/\/linoexpress.com\/rs\/proizvod\/mobilni-hard-disk-16tb\/","title":{"rendered":"Mobilni Hard Disk 16TB"},"content":{"rendered":"","protected":false},"excerpt":{"rendered":"<p>Tip C mobilni vanjski SSD tvrdi disk idelano je re\u0161enje za skladi\u0161tenje podataka. Vrhunski dizajn i ekolo\u0161ki prihvatljiv proizvod sa 16TB kapacitetom.<\/p>\n","protected":false},"featured_media":22582,"comment_status":"closed","ping_status":"closed","template":"","meta":{"inline_featured_image":false},"product_brand":[],"product_cat":[25,27,15,35],"product_tag":[],"class_list":{"0":"post-22576","1":"product","2":"type-product","3":"status-publish","4":"has-post-thumbnail","6":"product_cat-car","7":"product_cat-home","8":"product_cat-uncategorized","9":"product_cat-fun","11":"first","12":"instock","13":"sale","14":"shipping-taxable","15":"purchasable","16":"product-type-simple"},"acf":[],"_links":{"self":[{"href":"https:\/\/linoexpress.com\/rs\/wp-json\/wp\/v2\/product\/22576","targetHints":{"allow":["GET"]}}],"collection":[{"href":"https:\/\/linoexpress.com\/rs\/wp-json\/wp\/v2\/product"}],"about":[{"href":"https:\/\/linoexpress.com\/rs\/wp-json\/wp\/v2\/types\/product"}],"replies":[{"embeddable":true,"href":"https:\/\/linoexpress.com\/rs\/wp-json\/wp\/v2\/comments?post=22576"}],"wp:featuredmedia":[{"embeddable":true,"href":"https:\/\/linoexpress.com\/rs\/wp-json\/wp\/v2\/media\/22582"}],"wp:attachment":[{"href":"https:\/\/linoexpress.com\/rs\/wp-json\/wp\/v2\/media?parent=22576"}],"wp:term":[{"taxonomy":"product_brand","embeddable":true,"href":"https:\/\/linoexpress.com\/rs\/wp-json\/wp\/v2\/product_brand?post=22576"},{"taxonomy":"product_cat","embeddable":true,"href":"https:\/\/linoexpress.com\/rs\/wp-json\/wp\/v2\/product_cat?post=22576"},{"taxonomy":"product_tag","embeddable":true,"href":"https:\/\/linoexpress.com\/rs\/wp-json\/wp\/v2\/product_tag?post=22576"}],"curies":[{"name":"wp","href":"https:\/\/api.w.org\/{rel}","templated":true}]}}